{"id":15,"date":"2010-05-04T17:30:05","date_gmt":"2010-05-04T17:30:05","guid":{"rendered":"http:\/\/lars-hofmann.com\/wordpress\/?page_id=15"},"modified":"2012-10-30T12:29:49","modified_gmt":"2012-10-30T12:29:49","slug":"partner","status":"publish","type":"page","link":"https:\/\/lars-hofmann.com\/Mediation\/partner\/","title":{"rendered":"Partner"},"content":{"rendered":"<p><img loading=\"lazy\" decoding=\"async\" class=\"alignleft size-full wp-image-90\" title=\"partner\" src=\"https:\/\/lars-hofmann.com\/Mediation\/wp-content\/uploads\/partner1.jpg\" alt=\"\" width=\"490\" height=\"280\" \/><\/p>\n<p><span style=\"color: #888888;\"><strong>\u201eInmedio\u201c \u2013 Institut f\u00fcr Mediation und Konfliktmanagement, Frankfurt und Berlin<\/strong><\/span><\/p>\n<p><a href=\"http:\/\/www.inmedio.de\/\" target=\"_blank\">www.inmedio.de<\/a><\/p>\n<p>Bei \u201einmedio\u201c habe ich meine Ausbildung absolviert. Vieles, was ich heute in Seminaren selbst vermittle, habe ich von den Trainern und Trainerinnen von \u201einmedio\u201c gelernt! Und ich hatte die gro\u00dfe Ehre, sechs Mal als Assistent bei \u201einmedio\u201c Ausbildungen in der Schweiz zu begleiten. Denn \u201einmedio\u201c bietet in Zusammenarbeit mit der EDA, dem Schweizer Au\u00dfenministerium, und der DEZA, dem Entwicklungsdepartement, eine hochwertige Mediations-Ausbildung mit den Schwerpunkten Entwicklungszusammenarbeit, Internationales und Interkulturelles an.<\/p>\n<p>Mittlerweile bin ich f\u00fcr \u201einmedio\u201c auch als Trainer t\u00e4tig.<\/p>\n<p><strong>kifas gGmbH, Waldm\u00fcnchen<\/strong><\/p>\n<p><a href=\"http:\/\/www.kifas.org\/\" target=\"_blank\">www.kifas.org<\/a><\/p>\n<p>Das Institut kifas (KAB-Institut f\u00fcr angewandte Sozialethik) in Waldm\u00fcnchen hat einen Schwerpunkt im Bereich Konfliktmanagement und Coaching. Zusammen mit Peter Weisser und einigen anderen externen Trainern biete ich hier Grund- und Aufbaukurse in unterschiedlichen Bereichen der Mediation an. Das genaue Programm finden Sie auf der Homepage von kifas.<\/p>\n<p><strong>Bfz, bbw und gfi Bamberg<\/strong><\/p>\n<p><a href=\"http:\/\/www.bbwbfz-seminare.de\/\" target=\"_blank\">www.bbwbfz-seminare.de<\/a><\/p>\n<p>Zusammen mit Ute Endres entwickle ich Trainings f\u00fcr Lehrer, Mitarbeiter in Firmen und Verwaltungen. Der Schwerpunkt liegt hier auf der Vermittlung von Kompetenzen im Bereich der Kommunikation, Interkultur, Konfliktmanagement.<\/p>\n<p>Im M\u00e4rz 2011 starten wir gemeinsam mit dem bbw und inmedio eine Vollausbildung in Mediation in Bamberg (s. Termine).<\/p>\n<p><strong>Anja Pflaum &amp; Susanne Schneider<\/strong><\/p>\n<p>Anja Pflaum und Susanne Schneider waren Teilnehmerinnen unseres ersten Ausbildungsganges in Bamberg. Beide haben schon w\u00e4hrend\u00a0der Ausbildungszeit viel Erfahrung im Bereich Mediation, Teamentwicklung und \u00a0Fortbildung sammeln k\u00f6nnen. Gerade bei Teamentwicklungen oder in Mehrparteien-Mediationen arbeiten wir zusammen, was f\u00fcr die Kunden ein absoluter Gewinn ist. Au\u00dferdem unterst\u00fctzen uns beide bei der momentan laufenden Ausbildung in Bamberg als Assistentinnen.<\/p>\n","protected":false},"excerpt":{"rendered":"<p>\u201eInmedio\u201c \u2013 Institut f\u00fcr Mediation und Konfliktmanagement, Frankfurt und Berlin www.inmedio.de Bei \u201einmedio\u201c habe ich meine Ausbildung absolviert. Vieles, was ich heute in Seminaren selbst vermittle, habe ich von den Trainern und Trainerinnen von \u201einmedio\u201c gelernt! Und ich hatte die gro\u00dfe Ehre, sechs Mal als Assistent bei \u201einmedio\u201c Ausbildungen in der Schweiz zu begleiten. Denn [&hellip;]<\/p>\n","protected":false},"author":1,"featured_media":0,"parent":0,"menu_order":4,"comment_status":"open","ping_status":"closed","template":"","meta":{"footnotes":""},"class_list":["post-15","page","type-page","status-publish","hentry"],"_links":{"self":[{"href":"https:\/\/lars-hofmann.com\/Mediation\/wp-json\/wp\/v2\/pages\/15","targetHints":{"allow":["GET"]}}],"collection":[{"href":"https:\/\/lars-hofmann.com\/Mediation\/wp-json\/wp\/v2\/pages"}],"about":[{"href":"https:\/\/lars-hofmann.com\/Mediation\/wp-json\/wp\/v2\/types\/page"}],"author":[{"embeddable":true,"href":"https:\/\/lars-hofmann.com\/Mediation\/wp-json\/wp\/v2\/users\/1"}],"replies":[{"embeddable":true,"href":"https:\/\/lars-hofmann.com\/Mediation\/wp-json\/wp\/v2\/comments?post=15"}],"version-history":[{"count":17,"href":"https:\/\/lars-hofmann.com\/Mediation\/wp-json\/wp\/v2\/pages\/15\/revisions"}],"predecessor-version":[{"id":127,"href":"https:\/\/lars-hofmann.com\/Mediation\/wp-json\/wp\/v2\/pages\/15\/revisions\/127"}],"wp:attachment":[{"href":"https:\/\/lars-hofmann.com\/Mediation\/wp-json\/wp\/v2\/media?parent=15"}],"curies":[{"name":"wp","href":"https:\/\/api.w.org\/{rel}","templated":true}]}}