{"id":19,"date":"2010-05-04T17:30:28","date_gmt":"2010-05-04T17:30:28","guid":{"rendered":"http:\/\/lars-hofmann.com\/wordpress\/?page_id=19"},"modified":"2011-05-30T16:35:50","modified_gmt":"2011-05-30T16:35:50","slug":"presse","status":"publish","type":"page","link":"https:\/\/lars-hofmann.com\/Mediation\/presse\/","title":{"rendered":"Presse"},"content":{"rendered":"<p><img loading=\"lazy\" decoding=\"async\" title=\"Presse\" src=\"https:\/\/lars-hofmann.com\/Mediation\/wp-content\/uploads\/Presse.jpg\" alt=\"\" width=\"392\" height=\"291\" \/><\/p>\n<p><strong>Gemeinwesen-Mediationsprojekt f\u00fcr die Stadt Kronach<\/strong><\/p>\n<p>Hier finden Sie drei Artikel, die einen Einblick in das fast 2-j\u00e4hrige Projekt geben:<\/p>\n<p>In diesem PDF ist die <a href=\"https:\/\/lars-hofmann.com\/Mediation\/wp-content\/uploads\/Auftakt.pdf\" target=\"_blank\">Auftaktveranstaltung<\/a> beschrieben. Fr\u00e4nkischer Tag vom 14.06.2007<\/p>\n<p>Dieser Bericht stellt M\u00f6glichkeiten f\u00fcr eine Anstellung eines<a href=\"https:\/\/lars-hofmann.com\/Mediation\/wp-content\/uploads\/Streetworker-Realisierung.pdf\" target=\"_blank\"> Streetworkers<\/a> vor. Fr\u00e4nkischer Tag vom 18.03.2008<\/p>\n<p>Und hier noch ein Artikel zur <a href=\"https:\/\/lars-hofmann.com\/Mediation\/wp-content\/uploads\/10.04.2008-Abschlussveranstaltung.pdf\" target=\"_blank\">Abschlussveranstaltung<\/a>:\u00a0<a href=\"https:\/\/lars-hofmann.com\/Mediation\/wp-content\/uploads\/Abschluss.pdf\" target=\"_blank\"><\/a>Bericht in der Neuen Presse vom 10.04.2008<\/p>\n<p><span style=\"color: #ff6600;\">_______________________________________________________________________________<\/span><\/p>\n<p><strong>&#8222;Trau dich&#8220; &#8211; Ein Workshop zum Thema Zivilcourage<\/strong><\/p>\n<p>Hier finden Sie einen Artikel \u00fcber einen Zivilcourage-Workshop, der von einer Pfarrei f\u00fcr ihre Jugendlichen organisiert wurde. Mit 17\u00a0 motivierten TeilnehmerInnen erlebte ich einen spannenden und auch f\u00fcr mich lehrreichen Nachmittag! <a href=\"https:\/\/lars-hofmann.com\/Mediation\/wp-content\/uploads\/Zivilcourage-Glosberg-FT.pdf\" target=\"_blank\">Zivilcourage Glosberg FT<\/a><\/p>\n<p><span style=\"color: #ff6600;\">_______________________________________________________________________________<\/span><\/p>\n<p><strong>&#8222;Couragiertes Handeln an Schulen&#8220; <\/strong><\/p>\n<p><strong><\/strong>Ein Kooperations-Projekt zwischen dem KJR Kronach und dem Frankenwald-Gymnasium<strong><br \/>\n<\/strong><\/p>\n<p>Im Schuljahr 2010\/2011 begleite ich als Projektleiter Sch\u00fclerInnen und LehrerInnen am Frankenwald-Gymnasium Kronach. Die Presse begleitet dieses Modelprojekt mit regelm\u00e4\u00dfigen Beitr\u00e4gen, die Sie hier finden:<\/p>\n<p><a href=\"https:\/\/lars-hofmann.com\/Mediation\/wp-content\/uploads\/Sch\u00fcler-gegen-Rassismus.pdf\" target=\"_blank\">Sch\u00fcler gegen Rassismus<\/a> Bericht in der Neuen Presse Kronach vom 25.09.2010<\/p>\n<p><a href=\"https:\/\/lars-hofmann.com\/Mediation\/wp-content\/uploads\/FWG-KJR-FT-12_10_10.pdf\" target=\"_blank\">Besuch der Projektgruppe<\/a> Bericht im Fr\u00e4nkischen Tag vom 12.10.2010<\/p>\n<p>Die sensationelle <a href=\"https:\/\/lars-hofmann.com\/Mediation\/wp-content\/uploads\/Auftakt-NP.pdf\" target=\"_blank\">Auftaktveranstaltung<\/a> am 15.10.2010: Bericht in der Neuen Presse vom 18.10.2010<\/p>\n<p>Am 20.05.2011 fand der vierte Workshop mit der Multiplikatorengruppe statt. Das anschlie\u00dfende Pressegespr\u00e4ch mit Sch\u00fclerInnen und Martina Bock und mir ist <a href=\"https:\/\/lars-hofmann.com\/Mediation\/wp-content\/uploads\/Presse-20110520.pdf\" target=\"_blank\">hier<\/a> nachzulesen<\/p>\n<p><span style=\"color: #ff6600;\">_______________________________________________________________________________<\/span><\/p>\n","protected":false},"excerpt":{"rendered":"<p>Gemeinwesen-Mediationsprojekt f\u00fcr die Stadt Kronach Hier finden Sie drei Artikel, die einen Einblick in das fast 2-j\u00e4hrige Projekt geben: In diesem PDF ist die Auftaktveranstaltung beschrieben. Fr\u00e4nkischer Tag vom 14.06.2007 Dieser Bericht stellt M\u00f6glichkeiten f\u00fcr eine Anstellung eines Streetworkers vor. Fr\u00e4nkischer Tag vom 18.03.2008 Und hier noch ein Artikel zur Abschlussveranstaltung:\u00a0Bericht in der Neuen Presse [&hellip;]<\/p>\n","protected":false},"author":1,"featured_media":0,"parent":0,"menu_order":6,"comment_status":"open","ping_status":"closed","template":"","meta":{"footnotes":""},"class_list":["post-19","page","type-page","status-publish","hentry"],"_links":{"self":[{"href":"https:\/\/lars-hofmann.com\/Mediation\/wp-json\/wp\/v2\/pages\/19","targetHints":{"allow":["GET"]}}],"collection":[{"href":"https:\/\/lars-hofmann.com\/Mediation\/wp-json\/wp\/v2\/pages"}],"about":[{"href":"https:\/\/lars-hofmann.com\/Mediation\/wp-json\/wp\/v2\/types\/page"}],"author":[{"embeddable":true,"href":"https:\/\/lars-hofmann.com\/Mediation\/wp-json\/wp\/v2\/users\/1"}],"replies":[{"embeddable":true,"href":"https:\/\/lars-hofmann.com\/Mediation\/wp-json\/wp\/v2\/comments?post=19"}],"version-history":[{"count":35,"href":"https:\/\/lars-hofmann.com\/Mediation\/wp-json\/wp\/v2\/pages\/19\/revisions"}],"predecessor-version":[{"id":210,"href":"https:\/\/lars-hofmann.com\/Mediation\/wp-json\/wp\/v2\/pages\/19\/revisions\/210"}],"wp:attachment":[{"href":"https:\/\/lars-hofmann.com\/Mediation\/wp-json\/wp\/v2\/media?parent=19"}],"curies":[{"name":"wp","href":"https:\/\/api.w.org\/{rel}","templated":true}]}}