{"id":340,"date":"2010-10-08T12:49:12","date_gmt":"2010-10-08T12:49:12","guid":{"rendered":"http:\/\/www.lars-hofmann.com\/Mediation\/?page_id=340"},"modified":"2012-04-11T10:55:34","modified_gmt":"2012-04-11T10:55:34","slug":"fresh-up-seminar-gauting","status":"publish","type":"page","link":"https:\/\/lars-hofmann.com\/Mediation\/aktuelles\/fresh-up-seminar-gauting\/","title":{"rendered":"Fresh-up-Seminar Gauting"},"content":{"rendered":"<p>Das Fresh-up Seminar f\u00fcr ausgebildete MediatorInnen am Institut f\u00fcr Jugendarbeit wird voraussichtlich im Jahr 2013 stattfinden. Hier die <a href=\"https:\/\/lars-hofmann.com\/Mediation\/wp-content\/uploads\/Mediation_Fresh_Up.pdf\" target=\"_blank\">Ausschreibung als PDF<\/a> f\u00fcr Informationen.<\/p>\n","protected":false},"excerpt":{"rendered":"<p>Das Fresh-up Seminar f\u00fcr ausgebildete MediatorInnen am Institut f\u00fcr Jugendarbeit wird voraussichtlich im Jahr 2013 stattfinden. Hier die Ausschreibung als PDF f\u00fcr Informationen.<\/p>\n","protected":false},"author":2,"featured_media":0,"parent":337,"menu_order":2,"comment_status":"open","ping_status":"closed","template":"","meta":{"footnotes":""},"class_list":["post-340","page","type-page","status-publish","hentry"],"_links":{"self":[{"href":"https:\/\/lars-hofmann.com\/Mediation\/wp-json\/wp\/v2\/pages\/340","targetHints":{"allow":["GET"]}}],"collection":[{"href":"https:\/\/lars-hofmann.com\/Mediation\/wp-json\/wp\/v2\/pages"}],"about":[{"href":"https:\/\/lars-hofmann.com\/Mediation\/wp-json\/wp\/v2\/types\/page"}],"author":[{"embeddable":true,"href":"https:\/\/lars-hofmann.com\/Mediation\/wp-json\/wp\/v2\/users\/2"}],"replies":[{"embeddable":true,"href":"https:\/\/lars-hofmann.com\/Mediation\/wp-json\/wp\/v2\/comments?post=340"}],"version-history":[{"count":19,"href":"https:\/\/lars-hofmann.com\/Mediation\/wp-json\/wp\/v2\/pages\/340\/revisions"}],"predecessor-version":[{"id":348,"href":"https:\/\/lars-hofmann.com\/Mediation\/wp-json\/wp\/v2\/pages\/340\/revisions\/348"}],"up":[{"embeddable":true,"href":"https:\/\/lars-hofmann.com\/Mediation\/wp-json\/wp\/v2\/pages\/337"}],"wp:attachment":[{"href":"https:\/\/lars-hofmann.com\/Mediation\/wp-json\/wp\/v2\/media?parent=340"}],"curies":[{"name":"wp","href":"https:\/\/api.w.org\/{rel}","templated":true}]}}