{"id":35,"date":"2010-05-19T12:46:02","date_gmt":"2010-05-19T12:46:02","guid":{"rendered":"http:\/\/lars-hofmann.com\/wordpress\/?page_id=35"},"modified":"2012-10-30T12:16:46","modified_gmt":"2012-10-30T12:16:46","slug":"wer-ich-bin","status":"publish","type":"page","link":"https:\/\/lars-hofmann.com\/Mediation\/profil\/wer-ich-bin\/","title":{"rendered":"Wer ich bin"},"content":{"rendered":"<p><strong>Lars Hofmann<\/strong><\/p>\n<ul>\n<li>Dipl. Sozialp\u00e4dagoge (FH)<\/li>\n<li>Mediator BM<\/li>\n<li>Vor dem Studium Ausbildung zum Steuerfachgehilfen<\/li>\n<li>10 Jahre Leiter des Jugend- und Kulturzentrum Struwwelpeter in Kronach<\/li>\n<li>2003 bis 2005: Ausbildung zum Mediator am Institut f\u00fcr Jugendarbeit in M\u00fcnchen unter Leitung von &#8222;inmedio&#8220; &#8211; Institut f\u00fcr Mediation und Konfliktmanagement, Berlin und Frankfurt<\/li>\n<li>Seit Januar 2006 freiberuflich im Bereich Mediation und Konfliktmanagement t\u00e4tig<\/li>\n<\/ul>\n<p><span style=\"text-decoration: underline;\">Mein Hintergrund<\/span><\/p>\n<p>Nach der Schule Ausbildung zum Steuerfachgehilfen. Anschlie\u00dfend  Studium der Sozialp\u00e4dagogik an der Evangelischen Fachhochschule N\u00fcrnberg.  Studienschwerpunkte &#8222;Arbeit mit Straff\u00e4lligen, Resozialisierung&#8220; und  &#8222;Jugendarbeit&#8220;. Diplomarbeit zum Thema &#8222;Kirchliche Jugendsozialarbeit &#8211;  ein Vergleich zwischen Argentinien und Deutschland unter besonderer  Ber\u00fccksichtigung des l\u00e4ndlichen Raums&#8220;. Daf\u00fcr 5-monatige Arbeit mit  Jugendlichen und jungen Erwachsenen in der Provinz Entre Rios in  Argentinien.<\/p>\n<p>Ausbildung in Mediation und Konfliktmanagement bei Ljubjana  W\u00fcstehube, Dr. Wilfried Kerntke, Dirk Splinter und Bernd Fechler.  Gastdozentin: Gabrielle Gropman, Harvard Project on Mediation<\/p>\n<p>Fortbildung &#8222;Schnittstellen und Grenzg\u00e4nge &#8211; Mediation und  systemische Strukturaufstellungen&#8220; im Oktober 2006, Berlin. Unter der  Leitung von Prof. Matthias Varga von Kibed, Ljubjana W\u00fcstehube, Dr.  Wilfried Kerntke und Dirk Splinter<\/p>\n<p>2 Jahre Juniortrainer bei inmedio-Ausbildungen in Kooperation mit der  EDA und DEZA (Au\u00dfen- und Entwicklungsministerium) in der Schweiz.  Trainer und Dozenten neben den inmedio-Teammitgliedern: Friedrich Glasl,  G\u00fcnther Baechler<\/p>\n<p style=\"text-align: left;\">Seit 2010 bin ich im erweiterten Team von inmedio:\u00a0<a href=\"http:\/\/www.inmedio.de\/wer-erweitert\/hofmann.php\" target=\"_blank\">http:\/\/www.inmedio.de\/wer-erweitert\/hofmann.php<\/a><\/p>\n<p>Seit Oktober 2009 bin ich anerkannter Mediator beim Bundesverband Mediation e.V.. Momentan l\u00e4uft mein Anerkennungsverfahren als &#8222;Ausbilder BM&#8220; beim Bundesverband Mediation e.V.<\/p>\n<p>Mehrere Fortbildungen und praktische Erfahrungen im erlebnisp\u00e4dagogischen Bereich und im Projektmanagement \u00a0vor allem in der Kulturarbeit.<\/p>\n","protected":false},"excerpt":{"rendered":"<p>Lars Hofmann Dipl. Sozialp\u00e4dagoge (FH) Mediator BM Vor dem Studium Ausbildung zum Steuerfachgehilfen 10 Jahre Leiter des Jugend- und Kulturzentrum Struwwelpeter in Kronach 2003 bis 2005: Ausbildung zum Mediator am Institut f\u00fcr Jugendarbeit in M\u00fcnchen unter Leitung von &#8222;inmedio&#8220; &#8211; Institut f\u00fcr Mediation und Konfliktmanagement, Berlin und Frankfurt Seit Januar 2006 freiberuflich im Bereich Mediation [&hellip;]<\/p>\n","protected":false},"author":1,"featured_media":0,"parent":13,"menu_order":0,"comment_status":"open","ping_status":"closed","template":"","meta":{"footnotes":""},"class_list":["post-35","page","type-page","status-publish","hentry"],"_links":{"self":[{"href":"https:\/\/lars-hofmann.com\/Mediation\/wp-json\/wp\/v2\/pages\/35","targetHints":{"allow":["GET"]}}],"collection":[{"href":"https:\/\/lars-hofmann.com\/Mediation\/wp-json\/wp\/v2\/pages"}],"about":[{"href":"https:\/\/lars-hofmann.com\/Mediation\/wp-json\/wp\/v2\/types\/page"}],"author":[{"embeddable":true,"href":"https:\/\/lars-hofmann.com\/Mediation\/wp-json\/wp\/v2\/users\/1"}],"replies":[{"embeddable":true,"href":"https:\/\/lars-hofmann.com\/Mediation\/wp-json\/wp\/v2\/comments?post=35"}],"version-history":[{"count":10,"href":"https:\/\/lars-hofmann.com\/Mediation\/wp-json\/wp\/v2\/pages\/35\/revisions"}],"predecessor-version":[{"id":59,"href":"https:\/\/lars-hofmann.com\/Mediation\/wp-json\/wp\/v2\/pages\/35\/revisions\/59"}],"up":[{"embeddable":true,"href":"https:\/\/lars-hofmann.com\/Mediation\/wp-json\/wp\/v2\/pages\/13"}],"wp:attachment":[{"href":"https:\/\/lars-hofmann.com\/Mediation\/wp-json\/wp\/v2\/media?parent=35"}],"curies":[{"name":"wp","href":"https:\/\/api.w.org\/{rel}","templated":true}]}}