{"id":83,"date":"2010-08-06T15:49:08","date_gmt":"2010-08-06T15:49:08","guid":{"rendered":"http:\/\/lars-hofmann.com\/wordpress\/?page_id=83"},"modified":"2012-10-30T12:41:59","modified_gmt":"2012-10-30T12:41:59","slug":"fortbildungen","status":"publish","type":"page","link":"https:\/\/lars-hofmann.com\/Mediation\/termine\/fortbildungen\/","title":{"rendered":"Fortbildungen"},"content":{"rendered":"<p>Sie suchen nach themenorientierten Fortbildungen f\u00fcr Ihre Mitarbeiter? Sie sind auf der Suche nach Weiterbildungsm\u00f6glichkeiten f\u00fcr Ihre private oder berufliche Entwicklung?<\/p>\n<p>Ich biete Ihnen Fortbildungen f\u00fcr Ihre MitarbeiterInnen, die ich in Absprache mit Ihnen passgenau f\u00fcr Ihre Interessen und Bed\u00fcrfnisse konzipiere.<\/p>\n<p>Offen ausgeschriebene Seminare und Fortbildungen:<\/p>\n<ul>\n<li>Das bbw Bamberg bietet eine Fortbildungsreihe mit vier Seminaren f\u00fcr LehrerInnen an. Zwei der Seminare darf ich als Trainer leiten: &#8222;Mobbing &#8211; ein Blick hinter die Kulissen&#8220; und &#8222;Konflikte &#8211; eine Ann\u00e4herung&#8220;.<\/li>\n<\/ul>\n<p>Das\u00a0 Mobbingseminar findet statt vom 08.11. bis 10.11.2012 und das Konfliktseminar vom\u00a0 07.03. bis 09.03.2013. Die beiden anderen Themen &#8211; &#8222;Erfahrungsorientiertes Lernen&#8220; und &#8222;Kommunikation&#8220; &#8211; leitet <a href=\"http:\/\/www.machilek-coaching.de\/\" target=\"_blank\">Franz Machilek<\/a> als Trainer.<\/p>\n<p>Den Programmflyer mit n\u00e4heren Informationen zu Inhalten und AnsprechpartnerInnen gibt es <a href=\"https:\/\/lars-hofmann.com\/Mediation\/wp-content\/uploads\/Flyer_pdf.pdf\" target=\"_blank\">hier<\/a> als Pdf zum Download (Die Termine im Flyer stimmen nicht mehr, es gelten die oben genannten Termine!).<\/p>\n","protected":false},"excerpt":{"rendered":"<p>Sie suchen nach themenorientierten Fortbildungen f\u00fcr Ihre Mitarbeiter? Sie sind auf der Suche nach Weiterbildungsm\u00f6glichkeiten f\u00fcr Ihre private oder berufliche Entwicklung? Ich biete Ihnen Fortbildungen f\u00fcr Ihre MitarbeiterInnen, die ich in Absprache mit Ihnen passgenau f\u00fcr Ihre Interessen und Bed\u00fcrfnisse konzipiere. Offen ausgeschriebene Seminare und Fortbildungen: Das bbw Bamberg bietet eine Fortbildungsreihe mit vier Seminaren [&hellip;]<\/p>\n","protected":false},"author":1,"featured_media":0,"parent":11,"menu_order":3,"comment_status":"open","ping_status":"closed","template":"","meta":{"footnotes":""},"class_list":["post-83","page","type-page","status-publish","hentry"],"_links":{"self":[{"href":"https:\/\/lars-hofmann.com\/Mediation\/wp-json\/wp\/v2\/pages\/83","targetHints":{"allow":["GET"]}}],"collection":[{"href":"https:\/\/lars-hofmann.com\/Mediation\/wp-json\/wp\/v2\/pages"}],"about":[{"href":"https:\/\/lars-hofmann.com\/Mediation\/wp-json\/wp\/v2\/types\/page"}],"author":[{"embeddable":true,"href":"https:\/\/lars-hofmann.com\/Mediation\/wp-json\/wp\/v2\/users\/1"}],"replies":[{"embeddable":true,"href":"https:\/\/lars-hofmann.com\/Mediation\/wp-json\/wp\/v2\/comments?post=83"}],"version-history":[{"count":21,"href":"https:\/\/lars-hofmann.com\/Mediation\/wp-json\/wp\/v2\/pages\/83\/revisions"}],"predecessor-version":[{"id":149,"href":"https:\/\/lars-hofmann.com\/Mediation\/wp-json\/wp\/v2\/pages\/83\/revisions\/149"}],"up":[{"embeddable":true,"href":"https:\/\/lars-hofmann.com\/Mediation\/wp-json\/wp\/v2\/pages\/11"}],"wp:attachment":[{"href":"https:\/\/lars-hofmann.com\/Mediation\/wp-json\/wp\/v2\/media?parent=83"}],"curies":[{"name":"wp","href":"https:\/\/api.w.org\/{rel}","templated":true}]}}