{"id":9,"date":"2010-05-04T17:29:18","date_gmt":"2010-05-04T17:29:18","guid":{"rendered":"http:\/\/lars-hofmann.com\/wordpress\/?page_id=9"},"modified":"2011-09-09T10:30:48","modified_gmt":"2011-09-09T10:30:48","slug":"home","status":"publish","type":"page","link":"https:\/\/lars-hofmann.com\/Mediation\/home\/","title":{"rendered":"Home"},"content":{"rendered":"<p><img loading=\"lazy\" decoding=\"async\" id=\"logo_home\" class=\"size-full wp-image-68 alignleft\" title=\"Logo\" src=\"http:\/\/lars-hofmann.com\/Mediation\/wp-content\/uploads\/Logo3.jpg\" alt=\"\" width=\"347\" height=\"220\" srcset=\"https:\/\/lars-hofmann.com\/Mediation\/wp-content\/uploads\/Logo3.jpg 450w, https:\/\/lars-hofmann.com\/Mediation\/wp-content\/uploads\/Logo3-300x190.jpg 300w\" sizes=\"auto, (max-width: 347px) 100vw, 347px\" \/><\/p>\n<p>Konflikt.Vermittlung \u2013 ist doch klar, oder? F\u00fcr mich schon, denn die konstruktivste Weise mit Konflikten umzugehen, ist sie als Chance zu sehen und einen L\u00f6sungsprozess in Gang zu setzen.<\/p>\n<p>Das kann zwischen den Konfliktparteien allein geschehen oder durch die Unterst\u00fctzung eines allparteilichen Dritten.<\/p>\n<p>F\u00fchlen Sie sich eingeladen, auf meinen Seiten herauszufinden, was ich zur Vermittlung in Konflikten beitragen kann und was ich sonst noch anbiete.<\/p>\n<p><img loading=\"lazy\" decoding=\"async\" class=\"alignleft size-full wp-image-70\" title=\"Signatur\" src=\"http:\/\/lars-hofmann.com\/Mediation\/wp-content\/uploads\/Signatur.jpg\" alt=\"\" width=\"225\" height=\"113\" \/><\/p>\n","protected":false},"excerpt":{"rendered":"<p>Konflikt.Vermittlung \u2013 ist doch klar, oder? F\u00fcr mich schon, denn die konstruktivste Weise mit Konflikten umzugehen, ist sie als Chance zu sehen und einen L\u00f6sungsprozess in Gang zu setzen. Das kann zwischen den Konfliktparteien allein geschehen oder durch die Unterst\u00fctzung eines allparteilichen Dritten. F\u00fchlen Sie sich eingeladen, auf meinen Seiten herauszufinden, was ich zur Vermittlung [&hellip;]<\/p>\n","protected":false},"author":1,"featured_media":0,"parent":0,"menu_order":1,"comment_status":"open","ping_status":"closed","template":"","meta":{"footnotes":""},"class_list":["post-9","page","type-page","status-publish","hentry"],"_links":{"self":[{"href":"https:\/\/lars-hofmann.com\/Mediation\/wp-json\/wp\/v2\/pages\/9","targetHints":{"allow":["GET"]}}],"collection":[{"href":"https:\/\/lars-hofmann.com\/Mediation\/wp-json\/wp\/v2\/pages"}],"about":[{"href":"https:\/\/lars-hofmann.com\/Mediation\/wp-json\/wp\/v2\/types\/page"}],"author":[{"embeddable":true,"href":"https:\/\/lars-hofmann.com\/Mediation\/wp-json\/wp\/v2\/users\/1"}],"replies":[{"embeddable":true,"href":"https:\/\/lars-hofmann.com\/Mediation\/wp-json\/wp\/v2\/comments?post=9"}],"version-history":[{"count":25,"href":"https:\/\/lars-hofmann.com\/Mediation\/wp-json\/wp\/v2\/pages\/9\/revisions"}],"predecessor-version":[{"id":25,"href":"https:\/\/lars-hofmann.com\/Mediation\/wp-json\/wp\/v2\/pages\/9\/revisions\/25"}],"wp:attachment":[{"href":"https:\/\/lars-hofmann.com\/Mediation\/wp-json\/wp\/v2\/media?parent=9"}],"curies":[{"name":"wp","href":"https:\/\/api.w.org\/{rel}","templated":true}]}}