{"id":12,"date":"2010-09-11T11:28:24","date_gmt":"2010-09-11T11:28:24","guid":{"rendered":"http:\/\/www.lars-hofmann.com\/Reisevisionen\/wordpress\/?page_id=12"},"modified":"2016-04-06T09:12:19","modified_gmt":"2016-04-06T09:12:19","slug":"fotografie","status":"publish","type":"page","link":"https:\/\/lars-hofmann.com\/Reisevisionen\/fotografie\/","title":{"rendered":"Fotografie"},"content":{"rendered":"<p><img loading=\"lazy\" decoding=\"async\" class=\"alignnone size-full wp-image-13\" title=\"page16_1\" src=\"https:\/\/lars-hofmann.com\/Reisevisionen\/\/wp-content\/uploads\/page16_1.jpg\" alt=\"\" width=\"490\" height=\"314\" srcset=\"https:\/\/lars-hofmann.com\/Reisevisionen\/wp-content\/uploads\/page16_1.jpg 490w, https:\/\/lars-hofmann.com\/Reisevisionen\/wp-content\/uploads\/page16_1-300x192.jpg 300w\" sizes=\"auto, (max-width: 490px) 100vw, 490px\" \/><br \/>\nDie Reise nach Burundi im Jahr 1993 war auch der Start zum Fotografieren. Kurz vor der Reise hatte ich mir meine erste Spiegelreflexkamera gekauft: eine Nikon 601. D.h., ich habe mit dem Reisen auch das Fotografieren angefangen. Bin ich also ein typischer Reisefotograf? Zu einem gewissen Teil ja. Aber auch hier ist es so, dass ich nicht verreise, um zu fotografieren. Ich warte nicht stundenlang auf das richtige Licht, um das optimale Bild zu machen. Ganz im Gegenteil: ich dokumentiere meine Erlebnisse auf der Reise mit den Bildern. Und da kann es gut sein, dass mir ein Bild sehr gut gef\u00e4llt, auch wenn es zu dunkel oder leicht unscharf ist. Es kann trotzdem eine Geschichte erz\u00e4hlen!<\/p>\n<p>Nat\u00fcrlich habe ich mit der Zeit und den vielen Reisen immer mehr Erfahrungen sammeln k\u00f6nnen, was Bildgestaltung, Licht und Technik betrifft. Und ich versuche auch, \u201egute\u201c Bilder zu machen. Aber gerade das liegt ja in eurem Ermessen, was ein gutes Bild ist und was nicht. Und f\u00fcr mich ist das Foto vor allem eine M\u00f6glichkeit, etwas auszudr\u00fccken und zu erz\u00e4hlen.<br \/>\nUnd seit einigen Jahren fotografiere ich nicht nur auf Reisen. Immer \u00f6fter kommen Menschen, die Bilder f\u00fcr einen Flyer oder ihre Homepage brauchen. F\u00fcr die Fa. Lauche und Maas mache ich viele Fotos f\u00fcr ihre Kataloge oder Werbebl\u00e4tter. Und ich merke, dass es eine andere Art ist zu fotografieren: die Tatsache, Motive und Menschen so zu stellen, wie man sie braucht, mit (k\u00fcnstlichem) Licht zu arbeiten, ist Herausforderung und Chance zugleich. Aber letztendlich kommt es mir auch hier darauf an, zu schauen, was die Auftraggeber mit den Bildern vermitteln m\u00f6chten.<\/p>\n<p>\u201eUnd wie fotografierst du \u2013 analog oder digital?\u201c Diese Frage stellt sich fast nicht mehr, da es immer weniger Analog-Fotografen gibt und die vielen Vorteile der Digital-Fotografie fast unschlagbar sind. Und auch ich geh\u00f6re nicht mehr dazu; zumindest nicht mehr wirklich: Ich habe noch meine komplette analoge Ausr\u00fcstung im Schrank stehen, werde sie aber kaum noch benutzen.<\/p>\n<p>Vor der Reise &#8222;Unavulta&#8220; bin ich auf die digitale Fotografie umgestiegen. Mit der Nikon D700 und drei tollen Objektiven war ich f\u00fcnf Monate unterwegs und bin absolut zufrieden und \u00fcberzeugt! Die M\u00f6glichkeiten der Digital-Fotografie sind toll, die Qualit\u00e4t der Kamera und der Fotos sind genial und viele Vorteile liegen auf der Hand: keine Diafilme mehr mitschleppen, direkte Korrektur beim Fotografieren, Fotografierten ihr Bild zeigen, &#8230; . Und das geniale: ich habe mein &#8222;analoges&#8220; Fotografie-Verhalten beibehalten: von der 5-monatigen Reise bin ich mit 6000 Bildern heimgekommen, nicht mehr, als ich mit Diafilmen kalkuliert h\u00e4tte!<\/p>\n<p>Der Vortrag &#8222;Unavulta&#8220; ist mein erster Digitaler Vortrag. Und ich bin auch mit der Pr\u00e4sentation \u00e4u\u00dferst zufrieden. Die langen Zeiten des Diaeinscannens sind vorbei, die Ablichtungsleistung des Beamers ist stark und die Besucher der Shows sind begeistert &#8211; ich auch!<\/p>\n<p><object id=\"mymovie\" classid=\"clsid:d27cdb6e-ae6d-11cf-96b8-444553540000\" width=\"460\" height=\"320\" codebase=\"http:\/\/download.macromedia.com\/pub\/shockwave\/cabs\/flash\/swflash.cab#version=6,0,40,0\"><param name=\"name\" value=\"mymovie\" \/><param name=\"bgcolor\" value=\"#ffffff\" \/><param name=\"src\" value=\"http:\/\/lars-hofmann.com\/Reisevisionen\/wp-content\/themes\/magnesium\/flash\/fotopics\/slideshow.swf\" \/><param name=\"wmode\" value=\"opaque\" \/><param name=\"quality\" value=\"high\" \/><embed id=\"mymovie\" type=\"application\/x-shockwave-flash\" width=\"460\" height=\"320\" src=\"http:\/\/lars-hofmann.com\/Reisevisionen\/wp-content\/themes\/magnesium\/flash\/fotopics\/slideshow.swf\" quality=\"high\" wmode=\"opaque\" bgcolor=\"#ffffff\" name=\"mymovie\"><\/embed><\/object><\/p>\n","protected":false},"excerpt":{"rendered":"<p>Die Reise nach Burundi im Jahr 1993 war auch der Start zum Fotografieren. Kurz vor der Reise hatte ich mir meine erste Spiegelreflexkamera gekauft: eine Nikon 601. D.h., ich habe mit dem Reisen auch das Fotografieren angefangen. Bin ich also ein typischer Reisefotograf? Zu einem gewissen Teil ja. Aber auch hier ist es so, dass [&hellip;]<\/p>\n","protected":false},"author":1,"featured_media":0,"parent":0,"menu_order":8,"comment_status":"open","ping_status":"closed","template":"","meta":{"footnotes":""},"class_list":["post-12","page","type-page","status-publish","hentry"],"_links":{"self":[{"href":"https:\/\/lars-hofmann.com\/Reisevisionen\/wp-json\/wp\/v2\/pages\/12","targetHints":{"allow":["GET"]}}],"collection":[{"href":"https:\/\/lars-hofmann.com\/Reisevisionen\/wp-json\/wp\/v2\/pages"}],"about":[{"href":"https:\/\/lars-hofmann.com\/Reisevisionen\/wp-json\/wp\/v2\/types\/page"}],"author":[{"embeddable":true,"href":"https:\/\/lars-hofmann.com\/Reisevisionen\/wp-json\/wp\/v2\/users\/1"}],"replies":[{"embeddable":true,"href":"https:\/\/lars-hofmann.com\/Reisevisionen\/wp-json\/wp\/v2\/comments?post=12"}],"version-history":[{"count":10,"href":"https:\/\/lars-hofmann.com\/Reisevisionen\/wp-json\/wp\/v2\/pages\/12\/revisions"}],"predecessor-version":[{"id":621,"href":"https:\/\/lars-hofmann.com\/Reisevisionen\/wp-json\/wp\/v2\/pages\/12\/revisions\/621"}],"wp:attachment":[{"href":"https:\/\/lars-hofmann.com\/Reisevisionen\/wp-json\/wp\/v2\/media?parent=12"}],"curies":[{"name":"wp","href":"https:\/\/api.w.org\/{rel}","templated":true}]}}