{"id":143,"date":"2010-09-28T12:31:14","date_gmt":"2010-09-28T12:31:14","guid":{"rendered":"http:\/\/www.lars-hofmann.com\/Reisevisionen\/"},"modified":"2018-02-19T18:52:33","modified_gmt":"2018-02-19T17:52:33","slug":"neuseeland","status":"publish","type":"page","link":"https:\/\/lars-hofmann.com\/Reisevisionen\/diavisionen\/neuseeland\/","title":{"rendered":"Neuseeland"},"content":{"rendered":"<p style=\"text-align: center;\"><a href=\"https:\/\/lars-hofmann.com\/Reisevisionen\/wp-content\/uploads\/Pl_Neuseeland-klein.jpg\"><img loading=\"lazy\" decoding=\"async\" class=\"size-full wp-image-311 aligncenter\" title=\"Pl_Neuseeland klein\" src=\"https:\/\/lars-hofmann.com\/Reisevisionen\/wp-content\/uploads\/Pl_Neuseeland-klein.jpg\" alt=\"\" width=\"482\" height=\"681\" \/><\/a><\/p>\n<p>Neuseeland: Wanderland, Wunderland, weites Land, wildes Land. Die Liste w\u00e4re noch fortstetzbar und die Begriffe austauschbar, ohne etwas an Aussagekraft zu verlieren. Es gibt\u00a0 viele traumhafte Orte auf den beiden Inseln. Hier haben wir Reisenden scheinbar die M\u00f6glichkeit, viele Klimaregionen und Naturr\u00e4ume in kurzer Zeit zu erleben: vom Gebirge ans Meer, vom Regenwald in W\u00fcstenregionen, von schroffen Vulkanlandschaften zu saftig gr\u00fcnen Wiesen \u2013 alles liegt nah beieinander und ist durch die gute Infrastruktur leicht erreichbar.<br \/>\nDas Land l\u00e4d uns ein, seine \u201eWunder\u201c zu erkunden.<br \/>\nUnd dieser Einladung folgen immer mehr Touristen. Und viele von Ihnen d\u00fcsen fast ausschlie\u00dflich mit dem Wohnmobil \u00fcber die Inseln. Sie alle eint das Ziel, so viel wie m\u00f6glich zu sehen und \u201emitzunehmen\u201c; schlie\u00dflich ist Neuseeland so weit weg und wer wei\u00df, ob und wann man mal wieder hierher kommt!<br \/>\nAcht Wochen hatte ich w\u00e4hrend einer f\u00fcnfmonatigen Reise f\u00fcr Neuseeland eingeplant und ich muss zugeben, auch ich konnte mich diesem Drang schwer entziehen. Aber zwei echte \u201eKiwis\u201c haben mir ihre Heimat gezeigt, wodurch ich etwas n\u00e4her an die Menschen und das Land gekommen bin. Und ich habe versucht, mir auch in Neuseeland Zeit zu nehmen f\u00fcr Landschaften und Menschen. Wie so oft mit dem Rucksack und Zelt, aber auch mit dem Seekajak oder dem Auto von unseren Freunden. Mit einer Neugier f\u00fcr die Menschen und einer Offenheit f\u00fcr ihre Lebenswelt. Und gerade diese scheinbar langsame Ann\u00e4herung hat besondere Momente geschaffen, die ich im Vortrag zeigen m\u00f6chte!<\/p>\n","protected":false},"excerpt":{"rendered":"<p>Neuseeland: Wanderland, Wunderland, weites Land, wildes Land. Die Liste w\u00e4re noch fortstetzbar und die Begriffe austauschbar, ohne etwas an Aussagekraft zu verlieren. Es gibt\u00a0 viele traumhafte Orte auf den beiden Inseln. Hier haben wir Reisenden scheinbar die M\u00f6glichkeit, viele Klimaregionen und Naturr\u00e4ume in kurzer Zeit zu erleben: vom Gebirge ans Meer, vom Regenwald in W\u00fcstenregionen, [&hellip;]<\/p>\n","protected":false},"author":2,"featured_media":0,"parent":7,"menu_order":5,"comment_status":"open","ping_status":"closed","template":"","meta":{"footnotes":""},"class_list":["post-143","page","type-page","status-publish","hentry"],"_links":{"self":[{"href":"https:\/\/lars-hofmann.com\/Reisevisionen\/wp-json\/wp\/v2\/pages\/143","targetHints":{"allow":["GET"]}}],"collection":[{"href":"https:\/\/lars-hofmann.com\/Reisevisionen\/wp-json\/wp\/v2\/pages"}],"about":[{"href":"https:\/\/lars-hofmann.com\/Reisevisionen\/wp-json\/wp\/v2\/types\/page"}],"author":[{"embeddable":true,"href":"https:\/\/lars-hofmann.com\/Reisevisionen\/wp-json\/wp\/v2\/users\/2"}],"replies":[{"embeddable":true,"href":"https:\/\/lars-hofmann.com\/Reisevisionen\/wp-json\/wp\/v2\/comments?post=143"}],"version-history":[{"count":20,"href":"https:\/\/lars-hofmann.com\/Reisevisionen\/wp-json\/wp\/v2\/pages\/143\/revisions"}],"predecessor-version":[{"id":155,"href":"https:\/\/lars-hofmann.com\/Reisevisionen\/wp-json\/wp\/v2\/pages\/143\/revisions\/155"}],"up":[{"embeddable":true,"href":"https:\/\/lars-hofmann.com\/Reisevisionen\/wp-json\/wp\/v2\/pages\/7"}],"wp:attachment":[{"href":"https:\/\/lars-hofmann.com\/Reisevisionen\/wp-json\/wp\/v2\/media?parent=143"}],"curies":[{"name":"wp","href":"https:\/\/api.w.org\/{rel}","templated":true}]}}