{"id":15,"date":"2010-09-11T11:29:09","date_gmt":"2010-09-11T11:29:09","guid":{"rendered":"http:\/\/www.lars-hofmann.com\/Reisevisionen\/wordpress\/?page_id=15"},"modified":"2016-04-06T08:49:25","modified_gmt":"2016-04-06T08:49:25","slug":"uber-mich","status":"publish","type":"page","link":"https:\/\/lars-hofmann.com\/Reisevisionen\/uber-mich\/","title":{"rendered":"\u00dcber mich"},"content":{"rendered":"<p><img loading=\"lazy\" decoding=\"async\" class=\"alignnone size-full wp-image-16\" title=\"larshofmann\" src=\"https:\/\/lars-hofmann.com\/Reisevisionen\/wp-content\/uploads\/larshofmann.jpg\" alt=\"\" width=\"388\" height=\"260\" srcset=\"https:\/\/lars-hofmann.com\/Reisevisionen\/wp-content\/uploads\/larshofmann.jpg 388w, https:\/\/lars-hofmann.com\/Reisevisionen\/wp-content\/uploads\/larshofmann-300x201.jpg 300w\" sizes=\"auto, (max-width: 388px) 100vw, 388px\" \/><\/p>\n<p>Meine Herkunft<br \/>\nIch bin ein Kind des \u201eSummer of 69\u201c, einer relativ wilden, ereignisreichen, aber auch gleichzeitig relaxten Zeit! Die ersten 22 Jahre meines Lebens waren relativ unspektakul\u00e4r. Wahrscheinlich auch deswegen, weil ich ein typisches Landei aus dem oberfr\u00e4nkischen Zonenrandgebiet war!<br \/>\nDas \u00e4nderte sich innerhalb weniger Jahre schlagartig und ich entwickelte eine gro\u00dfe Sehnsucht nach neuen Begegnungen, spannenden Erlebnissen und mir unbekannten Regionen. Eine Jugendbegegnung in einem kleinen Dorf in den Abruzzen, eine Begegnung mit 300 Jugendlichen aus aller Welt in meinem kleinen Heimatdorf, der Umzug nach N\u00fcrnberg und die Reise nach Burundi 1993 haben dazu einen gro\u00dfen Teil beigetragen.<\/p>\n<p>Das Reisen<br \/>\nVor allem diese Reise nach Burundi war f\u00fcr mich sehr wichtig: vier Wochen haben wir in einem Dorf in den burundischen Bergen mit den Einheimischen gelebt, gearbeitet und gefeiert. Hier habe ich erfahren, dass es wichtig ist, den Kontakt zu den Menschen zu suchen und zu versuchen, ihre Situation zu verstehen. Das war das erste Mal, das ich von einer Reise nicht nach Hause wollte. Als ich dann daheim war, habe ich gemerkt, was ich alles mitgenommen hatte: viele Geschichten von Erlebnissen und Menschen und viele Bilder, die diese Geschichten umrahmten.<br \/>\nDiese Erlebnisse, Begegnungen und Eindr\u00fccke suche ich seither auf allen meinen Reisen!<br \/>\nUnd seit 1993 schaffe ich es tats\u00e4chlich, mindestens einmal im Jahr f\u00fcr l\u00e4ngere Zeit zu verreisen. Und zwar immer auf eine \u00e4hnliche Weise: ich bereite mich gut auf das Land und die Leute vor, buche aber nichts anderes als die Anreise. So kann ich im Land individuell unterwegs sein und die Route kurzfristig gestalten. Und der Kontakt zu den Leuten stellt sich quasi zwangsweise ein!<br \/>\nDa ich wahnsinnig gern zu Fu\u00df unterwegs bin, bevorzugt auf nicht ausgetretenen Pfaden, habe ich immer den Rucksack, das Zelt, Kocher und alle m\u00f6glichen Trekkingausr\u00fcstungsgegenst\u00e4nde dabei. L\u00e4ngere Touren im Gebirge &#8211; oder in letzter Zeit auch auf Berge &#8211; sind also ein fester Bestandteil meiner Reisen.<\/p>\n<p>Was ich sonst noch tue<br \/>\nNoch w\u00e4hrend meiner \u201eLandei- Zeit\u201c habe ich nach der Schule eine Ausbildung zum Steuer- Fachgehilfen absolviert. Relativ schnell habe ich gemerkt, dass das nicht mein Traumberuf ist! Also habe ich das Abi nachgeholt und in N\u00fcrnberg Sozialp\u00e4dagogik studiert. Von 1999 bis 2009 habe ich als Leiter des\u00a0<strong><span style=\"text-decoration: underline;\"><a rel=\"external\" href=\"http:\/\/www.struwwelpeters.de\/\" target=\"_blank\">Jugend- und Kulturtreff Struwwelpeter<\/a><\/span><\/strong> in Kronach gearbeitet. Nach mehreren Fortbildungen habe ich von 2003 bis 2005 eine Zusatzausbildung im Bereich \u201eMediation und Konfliktmanagement\u201c gemacht. Das hat mir so gut gefallen, dass ich im Herbst 2006 meine Stelle im Struwwelpeter auf 50% reduziert habe und drei Jahre nebenbei als Mediator und Trainer t\u00e4tig war und seit April 2010 komplett freiberuflich t\u00e4tig bin. Mehr zu diesem Bereich findet ihr <a href=\"https:\/\/lars-hofmann.com\/Mediation\" target=\"_blank\">hier<\/a>.<\/p>\n","protected":false},"excerpt":{"rendered":"<p>Meine Herkunft Ich bin ein Kind des \u201eSummer of 69\u201c, einer relativ wilden, ereignisreichen, aber auch gleichzeitig relaxten Zeit! Die ersten 22 Jahre meines Lebens waren relativ unspektakul\u00e4r. Wahrscheinlich auch deswegen, weil ich ein typisches Landei aus dem oberfr\u00e4nkischen Zonenrandgebiet war! Das \u00e4nderte sich innerhalb weniger Jahre schlagartig und ich entwickelte eine gro\u00dfe Sehnsucht nach [&hellip;]<\/p>\n","protected":false},"author":1,"featured_media":0,"parent":0,"menu_order":8,"comment_status":"open","ping_status":"closed","template":"","meta":{"footnotes":""},"class_list":["post-15","page","type-page","status-publish","hentry"],"_links":{"self":[{"href":"https:\/\/lars-hofmann.com\/Reisevisionen\/wp-json\/wp\/v2\/pages\/15","targetHints":{"allow":["GET"]}}],"collection":[{"href":"https:\/\/lars-hofmann.com\/Reisevisionen\/wp-json\/wp\/v2\/pages"}],"about":[{"href":"https:\/\/lars-hofmann.com\/Reisevisionen\/wp-json\/wp\/v2\/types\/page"}],"author":[{"embeddable":true,"href":"https:\/\/lars-hofmann.com\/Reisevisionen\/wp-json\/wp\/v2\/users\/1"}],"replies":[{"embeddable":true,"href":"https:\/\/lars-hofmann.com\/Reisevisionen\/wp-json\/wp\/v2\/comments?post=15"}],"version-history":[{"count":6,"href":"https:\/\/lars-hofmann.com\/Reisevisionen\/wp-json\/wp\/v2\/pages\/15\/revisions"}],"predecessor-version":[{"id":114,"href":"https:\/\/lars-hofmann.com\/Reisevisionen\/wp-json\/wp\/v2\/pages\/15\/revisions\/114"}],"wp:attachment":[{"href":"https:\/\/lars-hofmann.com\/Reisevisionen\/wp-json\/wp\/v2\/media?parent=15"}],"curies":[{"name":"wp","href":"https:\/\/api.w.org\/{rel}","templated":true}]}}