{"id":20,"date":"2010-09-11T11:30:08","date_gmt":"2010-09-11T11:30:08","guid":{"rendered":"http:\/\/www.lars-hofmann.com\/Reisevisionen\/wordpress\/?page_id=20"},"modified":"2016-04-06T08:49:33","modified_gmt":"2016-04-06T08:49:33","slug":"links","status":"publish","type":"page","link":"https:\/\/lars-hofmann.com\/Reisevisionen\/links\/","title":{"rendered":"Links"},"content":{"rendered":"<p>Von September 2009 bis Januar 2010 war ich f\u00fcnf Monate mit einem &#8222;round the world&#8220;-Ticket unterwegs. Auf dieser Seite haben wir Erlebnisberichte von der Reise ver\u00f6ffentlicht und Infos \u00fcber uns und die Reise festgehalten: <a rel=\"external\" href=\"http:\/\/www.unavuelta.de\/\" target=\"_blank\">www.unavuelta.de<\/a><\/p>\n<p>Mittlerweile gibt es in meiner Heimatregion an drei Orten richtige Vortragsreihen: Im <a href=\"http:\/\/www.roesla.de\" target=\"_blank\">R\u00f6sla<\/a> in Burgkunstadt, im <a href=\"http:\/\/www.struwwelpeters.de\" target=\"_blank\">Struwwelpeter<\/a> in Kronach und im <a href=\"http:\/\/www.kunstadt.de\" target=\"_blank\">TecNet<\/a> in Burkersdorf. Ich finde es toll, dass unsere Art von Kultur auf diese Weise unterst\u00fctzt wird!<\/p>\n<p>Guido ist ein guter Freund, langj\u00e4hriger Begleiter und kreativer Kopf in unserer gemeinsamen Band und ein toller Graphiker! <a rel=\"external\" href=\"http:\/\/www.guidoapel.de\/\" target=\"_blank\">Guido Apel<\/a><\/p>\n<p>\u00dcber zehn Jahre habe ich als Leiter des Jugend- und Kulturtreff Struwwelpeter in Kronach gearbeitet. Es war eine intensive, lehrreiche, spannende, anstrengende und herzliche Zeit. Der Struwwel hat mich gepr\u00e4gt und ich glaube auch ich habe das Haus gepr\u00e4gt! <a rel=\"external\" href=\"http:\/\/www.struwwelpeters.de\/\" target=\"_blank\">Struwwelpeter<\/a><\/p>\n<p>Ebenfalls ein langer Zeitabschnitt meines Lebens: 13 Jahre Llyn y Morynion. Eine Band, die wie eine Familie war, die uns durch viele Ecken Deutschlands, in die Schweiz und zweimal nach England gef\u00fchrt hat: <a rel=\"external\" href=\"http:\/\/www.llynymorynion.com\/\" target=\"_blank\">Llyn y Morynion<\/a><\/p>\n<p>Es gibt keinen kommerziellen Hintergrund f\u00fcr die Nennung der folgenden Firmen. Vielmehr \u00fcberzeugt mich das Konzept und die Menschen, die dahinter stehen:<\/p>\n<p>Die Firma &#8222;Lauche&amp;Maas in M\u00fcnchen\/Pasing ist f\u00fcr mich mehr als nur  ein Reiseausr\u00fcster. Vor allem durch die Zusammenarbeit beim <a href=\"http:\/\/www.lauche-maas.de\/Wintertreffen2008\/index.html\" target=\"_blank\">Wintertreffen<\/a> in der Effelterm\u00fchle  ist eine enge Freundschaft mit vielen Mitarbeitern und der  Gesch\u00e4ftsf\u00fchrung entstanden. Aber auch die unkonventionelle,  liebenswerte und dennoch kompetente Beratung ist fast einzigartig! <a rel=\"external\" href=\"http:\/\/www.lauche-maas.de\/\" target=\"_blank\">Lauche &amp; Maas<\/a><\/p>\n<p>Wenn es um Daunenprodukte geht, gibt es f\u00fcr mich keine andere Wahl: Yeti steht f\u00fcr sensationelle Produkte, ein Teil der Produktion ist in Deutschland (G\u00f6rlitz) und auch dadurch ist die Verarbeitung super:\u00a0 <a href=\"http:\/\/www.yetiworld.com\/\" target=\"_blank\">www.yetiworld.com<\/a><\/p>\n<p>F\u00fcr die Firma D\u00e4rr in M\u00fcnchen (eine Tochter von Lauche&amp;Maas) arbeite ich einmal im Jahr auf dem &#8222;<a href=\"http:\/\/www.die1.info\/\" target=\"_blank\">Globetrotter-Treffen<\/a>&#8222;. Auch hier arbeiten sympathische und kompetente Menschen. <a href=\"http:\/\/www.daerr.de\" target=\"_blank\">www.daerr.de<\/a><\/p>\n","protected":false},"excerpt":{"rendered":"<p>Von September 2009 bis Januar 2010 war ich f\u00fcnf Monate mit einem &#8222;round the world&#8220;-Ticket unterwegs. Auf dieser Seite haben wir Erlebnisberichte von der Reise ver\u00f6ffentlicht und Infos \u00fcber uns und die Reise festgehalten: www.unavuelta.de Mittlerweile gibt es in meiner Heimatregion an drei Orten richtige Vortragsreihen: Im R\u00f6sla in Burgkunstadt, im Struwwelpeter in Kronach und [&hellip;]<\/p>\n","protected":false},"author":1,"featured_media":0,"parent":0,"menu_order":9,"comment_status":"open","ping_status":"closed","template":"","meta":{"footnotes":""},"class_list":["post-20","page","type-page","status-publish","hentry"],"_links":{"self":[{"href":"https:\/\/lars-hofmann.com\/Reisevisionen\/wp-json\/wp\/v2\/pages\/20","targetHints":{"allow":["GET"]}}],"collection":[{"href":"https:\/\/lars-hofmann.com\/Reisevisionen\/wp-json\/wp\/v2\/pages"}],"about":[{"href":"https:\/\/lars-hofmann.com\/Reisevisionen\/wp-json\/wp\/v2\/types\/page"}],"author":[{"embeddable":true,"href":"https:\/\/lars-hofmann.com\/Reisevisionen\/wp-json\/wp\/v2\/users\/1"}],"replies":[{"embeddable":true,"href":"https:\/\/lars-hofmann.com\/Reisevisionen\/wp-json\/wp\/v2\/comments?post=20"}],"version-history":[{"count":9,"href":"https:\/\/lars-hofmann.com\/Reisevisionen\/wp-json\/wp\/v2\/pages\/20\/revisions"}],"predecessor-version":[{"id":116,"href":"https:\/\/lars-hofmann.com\/Reisevisionen\/wp-json\/wp\/v2\/pages\/20\/revisions\/116"}],"wp:attachment":[{"href":"https:\/\/lars-hofmann.com\/Reisevisionen\/wp-json\/wp\/v2\/media?parent=20"}],"curies":[{"name":"wp","href":"https:\/\/api.w.org\/{rel}","templated":true}]}}