{"id":30,"date":"2010-09-11T11:32:52","date_gmt":"2010-09-11T11:32:52","guid":{"rendered":"http:\/\/www.lars-hofmann.com\/Reisevisionen\/wordpress\/?page_id=30"},"modified":"2016-04-13T11:49:16","modified_gmt":"2016-04-13T09:49:16","slug":"una-vuelta","status":"publish","type":"page","link":"https:\/\/lars-hofmann.com\/Reisevisionen\/diavisionen\/una-vuelta\/","title":{"rendered":"Unavuelta"},"content":{"rendered":"<p style=\"text-align: center;\">\n<p style=\"text-align: center;\"><a href=\"https:\/\/lars-hofmann.com\/Reisevisionen\/wp-content\/uploads\/unavuelta1.jpg\"><img loading=\"lazy\" decoding=\"async\" class=\"size-medium wp-image-92 aligncenter\" title=\"unavuelta\" src=\"https:\/\/lars-hofmann.com\/Reisevisionen\/wp-content\/uploads\/unavuelta1-251x300.jpg\" alt=\"\" width=\"251\" height=\"300\" srcset=\"https:\/\/lars-hofmann.com\/Reisevisionen\/wp-content\/uploads\/unavuelta1-251x300.jpg 251w, https:\/\/lars-hofmann.com\/Reisevisionen\/wp-content\/uploads\/unavuelta1-858x1024.jpg 858w\" sizes=\"auto, (max-width: 251px) 100vw, 251px\" \/><\/a><\/p>\n<p><strong>Unavuelta \u2013 Geschichten und Bilder einer f\u00fcnfmonatigen Reise<\/strong><\/p>\n<p>\u201eWir drehn mal eine Runde\u201c! So w\u00fcrde ich es \u00fcbersetzen, wenn argentinische Jugendliche sagen \u201eDamos una Vuelta\u201c! Una vuelta, eine Runde, haben wir vor kurzem auch gedreht. Wir, das sind Katharina Schnell und Lars Hofmann. Allerdings nicht ganz so schnell, denn wir waren f\u00fcnf Monate unterwegs. Und unsere Runde ging einmal um unseren Globus. Dennoch hatte unsere Reise einige Merkmale der \u201eRunde\u201c argentinischer Jugendliche: wir wollten Freunde treffen, etwas erleben, Neuigkeiten erfahren und Erfahrungen austauschen.<br \/>\nSechs L\u00e4nder haben wir in dieser Zeit besucht und erlebt: Wir waren im Norden Indiens, in den Himalaya-Regionen Ladakh und Kaschmir. Anschlie\u00dfend ging es mit einem Abstecher in Sydney nach Neuseeland, wo wir fast zwei Monate die beiden Inseln bereist haben. Von dort ging der Flieger weiter nach Franz\u00f6sich-Polynesien. Hier haben wir auf der Insel Mo\u00b4orea sechs Tage \u201eUrlaub vom Reisen\u201c gemacht! Um anschlie\u00dfend Kraft und Energie f\u00fcr den zweiten Teil der Reise zu haben: die Osterinseln, Chile und Argentinien.<br \/>\nAllein die Zeit und auch die besuchten L\u00e4nder machen deutlich, dass unser Trip keine Weltreise war. Wir wollten auch nicht so viel L\u00e4nder wie m\u00f6glich sehen. Vielmehr ging es uns darum, die ausgew\u00e4hlten Ziele kennen zu lernen. \u201eLand und Leute\u201c &#8211; dieser ausgelutschte Begriff trifft genau, was wir wollten: in Kontakt kommen mit Menschen, \u00fcber Begegnungen, Erz\u00e4hlungen, Traditionen und Lebensweisen einen Einblick erhalten in das Leben und die Kultur der jeweiligen L\u00e4nder. Und bei einer Reise in den Himalaya, die neuseel\u00e4ndischen Alpen und die patagonischen Anden darf nat\u00fcrlich die Ausr\u00fcstung f\u00fcr mehrt\u00e4gige Touren nicht fehlen. Ein beachtlicher Teil unseres Gep\u00e4cks bestand deshalb aus Zelt, Kocher, Schlafsack, Wanderschuhen, usw.<br \/>\nSo wird der Vortrag Geschichten von Menschen erz\u00e4hlen, mit denen wir unterwegs waren oder die wir besucht haben. Denn in Neuseeland und Argentinien haben wir gute Freunde besucht. Und das gab uns das Gef\u00fchl, w\u00e4hrend des Reisens anzukommen und mit den Freunden auch eine \u201ekleine Vuelta\u201c in ihrer Heimat zu drehen!<\/p>\n<p><object id=\"mymovie\" classid=\"clsid:d27cdb6e-ae6d-11cf-96b8-444553540000\" width=\"460\" height=\"320\" codebase=\"http:\/\/download.macromedia.com\/pub\/shockwave\/cabs\/flash\/swflash.cab#version=6,0,40,0\"><param name=\"name\" value=\"mymovie\" \/><param name=\"bgcolor\" value=\"#ffffff\" \/><param name=\"src\" value=\"http:\/\/lars-hofmann.com\/Reisevisionen\/wp-content\/themes\/magnesium\/flash\/unavuelta\/slideshow.swf\" \/><param name=\"wmode\" value=\"opaque\" \/><param name=\"quality\" value=\"high\" \/><embed id=\"mymovie\" type=\"application\/x-shockwave-flash\" width=\"460\" height=\"320\" src=\"http:\/\/lars-hofmann.com\/Reisevisionen\/wp-content\/themes\/magnesium\/flash\/unavuelta\/slideshow.swf\" quality=\"high\" wmode=\"opaque\" bgcolor=\"#ffffff\" name=\"mymovie\"><\/embed><\/object><\/p>\n","protected":false},"excerpt":{"rendered":"<p>Unavuelta \u2013 Geschichten und Bilder einer f\u00fcnfmonatigen Reise \u201eWir drehn mal eine Runde\u201c! So w\u00fcrde ich es \u00fcbersetzen, wenn argentinische Jugendliche sagen \u201eDamos una Vuelta\u201c! Una vuelta, eine Runde, haben wir vor kurzem auch gedreht. Wir, das sind Katharina Schnell und Lars Hofmann. Allerdings nicht ganz so schnell, denn wir waren f\u00fcnf Monate unterwegs. Und [&hellip;]<\/p>\n","protected":false},"author":1,"featured_media":0,"parent":7,"menu_order":3,"comment_status":"open","ping_status":"closed","template":"","meta":{"footnotes":""},"class_list":["post-30","page","type-page","status-publish","hentry"],"_links":{"self":[{"href":"https:\/\/lars-hofmann.com\/Reisevisionen\/wp-json\/wp\/v2\/pages\/30","targetHints":{"allow":["GET"]}}],"collection":[{"href":"https:\/\/lars-hofmann.com\/Reisevisionen\/wp-json\/wp\/v2\/pages"}],"about":[{"href":"https:\/\/lars-hofmann.com\/Reisevisionen\/wp-json\/wp\/v2\/types\/page"}],"author":[{"embeddable":true,"href":"https:\/\/lars-hofmann.com\/Reisevisionen\/wp-json\/wp\/v2\/users\/1"}],"replies":[{"embeddable":true,"href":"https:\/\/lars-hofmann.com\/Reisevisionen\/wp-json\/wp\/v2\/comments?post=30"}],"version-history":[{"count":15,"href":"https:\/\/lars-hofmann.com\/Reisevisionen\/wp-json\/wp\/v2\/pages\/30\/revisions"}],"predecessor-version":[{"id":630,"href":"https:\/\/lars-hofmann.com\/Reisevisionen\/wp-json\/wp\/v2\/pages\/30\/revisions\/630"}],"up":[{"embeddable":true,"href":"https:\/\/lars-hofmann.com\/Reisevisionen\/wp-json\/wp\/v2\/pages\/7"}],"wp:attachment":[{"href":"https:\/\/lars-hofmann.com\/Reisevisionen\/wp-json\/wp\/v2\/media?parent=30"}],"curies":[{"name":"wp","href":"https:\/\/api.w.org\/{rel}","templated":true}]}}