{"id":35,"date":"2010-09-11T11:34:09","date_gmt":"2010-09-11T11:34:09","guid":{"rendered":"http:\/\/www.lars-hofmann.com\/Reisevisionen\/wordpress\/?page_id=35"},"modified":"2018-01-06T14:27:27","modified_gmt":"2018-01-06T13:27:27","slug":"ostafrika","status":"publish","type":"page","link":"https:\/\/lars-hofmann.com\/Reisevisionen\/diavisionen\/ostafrika\/","title":{"rendered":"Ostafrika"},"content":{"rendered":"<p>Geschichten aus Kenia, Tansania und \u00c4thiopien<\/p>\n<p>Die Besteigung des Kilimandjaro ist nichts mehr Au\u00dfergew\u00f6hnliches. Eine Crew aus Lastentr\u00e4ger, Koch und Guide bringt fast jeden zum Gipfel. Eine Safari in Kenia geh\u00f6rt zum Standardprogramm der Pauschal-Reiseveranstalter. Ostafrika ist also fest in der Hand der Pauschaltouris? Lars Hofmann hat sich 2001 trotzdem auf eine Reise in diesen Teil Ostafrikas begeben; auf seine Art allerdings: mit vielen Fragen im Gep\u00e4ck, neugierig und offen; jedoch ohne Reisegruppe und Vollverpflegung! \u00c4thiopien ist dagegen f\u00fcr viele Menschen als Reiseziel kaum vorstellbar. Das Land z\u00e4hlt zu den \u00e4rmsten\u00a0L\u00e4ndern der Welt, wir denken an Hungerkatastrophen und B\u00fcrgerkriege. In starkem Kontrast zur Armut der Gesellschaft steht der Reichtum an Geschichte, Kultur und Natur. \u00c4thiopien wird die \u201eWiege der Menschheit\u201c genannt, in unzug\u00e4nglichen D\u00f6rfern liegen christliche Kultst\u00e4tten fast versteckt und das Simien Gebirge ist Heimat des Volkes der Amhara und z\u00e4hlt zu den atemberaubendsten Naturr\u00e4umen Afrikas! Schon eher ein Reiseland f\u00fcr Lars Hofmann!<\/p>\n<p><object id=\"mymovie\" classid=\"clsid:d27cdb6e-ae6d-11cf-96b8-444553540000\" width=\"460\" height=\"320\" codebase=\"http:\/\/download.macromedia.com\/pub\/shockwave\/cabs\/flash\/swflash.cab#version=6,0,40,0\"><param name=\"name\" value=\"mymovie\" \/><param name=\"bgcolor\" value=\"#ffffff\" \/><param name=\"src\" value=\"http:\/\/lars-hofmann.com\/Reisevisionen\/wp-content\/themes\/magnesium\/flash\/ostafrika\/slideshow.swf\" \/><param name=\"wmode\" value=\"opaque\" \/><param name=\"quality\" value=\"high\" \/><embed id=\"mymovie\" type=\"application\/x-shockwave-flash\" width=\"460\" height=\"320\" src=\"http:\/\/lars-hofmann.com\/Reisevisionen\/wp-content\/themes\/magnesium\/flash\/ostafrika\/slideshow.swf\" quality=\"high\" wmode=\"opaque\" bgcolor=\"#ffffff\" name=\"mymovie\"><\/embed><\/object><\/p>\n","protected":false},"excerpt":{"rendered":"<p>Geschichten aus Kenia, Tansania und \u00c4thiopien Die Besteigung des Kilimandjaro ist nichts mehr Au\u00dfergew\u00f6hnliches. Eine Crew aus Lastentr\u00e4ger, Koch und Guide bringt fast jeden zum Gipfel. Eine Safari in Kenia geh\u00f6rt zum Standardprogramm der Pauschal-Reiseveranstalter. Ostafrika ist also fest in der Hand der Pauschaltouris? Lars Hofmann hat sich 2001 trotzdem auf eine Reise in diesen [&hellip;]<\/p>\n","protected":false},"author":1,"featured_media":0,"parent":7,"menu_order":8,"comment_status":"open","ping_status":"closed","template":"","meta":{"footnotes":""},"class_list":["post-35","page","type-page","status-publish","hentry"],"_links":{"self":[{"href":"https:\/\/lars-hofmann.com\/Reisevisionen\/wp-json\/wp\/v2\/pages\/35","targetHints":{"allow":["GET"]}}],"collection":[{"href":"https:\/\/lars-hofmann.com\/Reisevisionen\/wp-json\/wp\/v2\/pages"}],"about":[{"href":"https:\/\/lars-hofmann.com\/Reisevisionen\/wp-json\/wp\/v2\/types\/page"}],"author":[{"embeddable":true,"href":"https:\/\/lars-hofmann.com\/Reisevisionen\/wp-json\/wp\/v2\/users\/1"}],"replies":[{"embeddable":true,"href":"https:\/\/lars-hofmann.com\/Reisevisionen\/wp-json\/wp\/v2\/comments?post=35"}],"version-history":[{"count":9,"href":"https:\/\/lars-hofmann.com\/Reisevisionen\/wp-json\/wp\/v2\/pages\/35\/revisions"}],"predecessor-version":[{"id":614,"href":"https:\/\/lars-hofmann.com\/Reisevisionen\/wp-json\/wp\/v2\/pages\/35\/revisions\/614"}],"up":[{"embeddable":true,"href":"https:\/\/lars-hofmann.com\/Reisevisionen\/wp-json\/wp\/v2\/pages\/7"}],"wp:attachment":[{"href":"https:\/\/lars-hofmann.com\/Reisevisionen\/wp-json\/wp\/v2\/media?parent=35"}],"curies":[{"name":"wp","href":"https:\/\/api.w.org\/{rel}","templated":true}]}}