{"id":383,"date":"2013-12-03T20:26:33","date_gmt":"2013-12-03T20:26:33","guid":{"rendered":"http:\/\/www.lars-hofmann.com\/Reisevisionen\/"},"modified":"2017-04-28T17:54:18","modified_gmt":"2017-04-28T15:54:18","slug":"kuba","status":"publish","type":"page","link":"https:\/\/lars-hofmann.com\/Reisevisionen\/diavisionen\/kuba\/","title":{"rendered":"Cuba es mas (Teil 1)"},"content":{"rendered":"<p>Cuba es mas! Ja, Kuba ist mehr! Mehr als das, was ich w\u00e4hrend meines vierw\u00f6chigen Aufenthaltes im Februar 2012 sehen und erleben durfte. Aber auch vielmehr, als wir bei uns in den Medien lesen, sehen oder h\u00f6ren k\u00f6nnen. Und vor allem viel mehr als nur karibischer Strand und Mojito. Auch wenn Str\u00e4nde und Cocktails in Kuba fast allgegenw\u00e4rtig sind.<\/p>\n<p>Kuba scheint so gegens\u00e4tzlich und dadurch polarisierend: Einerseits die Revolution\u00e4re um Fidel Castro und Che Guevara, deren Kampf f\u00fcr die Freiheit des kubanischen Volkes und die Idee der Gleichheit und Gerechtigkeit auch heute noch in Teilen der Gesellschaft gelebt wird und sp\u00fcrbar ist.\u00a0Andererseits der Wunsch der Menschen nach einer anderen Art von Freiheit und Aufbruch, Modernisierung und Beteiligung. So waren f\u00fcr mich die Gespr\u00e4che mit den Kubanern das Spannendste: mit ihrer Geschichte und ihren Geschichten, die sie gern erz\u00e4hlen, wenn sie sp\u00fcren, da ist jemand, der zuh\u00f6rt. Mit ihrer positiven und energiegeladenen Lebenseinstellung und ihrem Umgang mit den vielen Krisen und den erw\u00e4hnten Gegens\u00e4tzlichkeiten. \u00a0In diesem Spannungsfeld zwischen Kontrolle und Freiheit, zwischen Staat und B\u00fcrger, zwischen Kommunismus und Kapitalismus entstehen gesellschaftliche Ph\u00e4nomene wie z.B. die \u201eBolsa Negra\u201c, der Inbegriff f\u00fcr den Schwarzmarkt auf Kuba. Und nicht selten h\u00f6rte ich die Aussage: \u201eIn Kuba ist alles m\u00f6glich\u201c!<\/p>\n<p>Vieles aus der Geschichte und der Gesellschaft vereint sich in der Musik Kubas. Aber auch die Musik ist vielf\u00e4ltiger und moderner als das, was wir hier zu h\u00f6ren bekommen: Die Jugend h\u00f6rt Reggaeton und Punk, die traditionelle Musik reicht weiter \u00fcber den Buena Vista Social Club hinaus.<\/p>\n<p>Und nat\u00fcrlich die St\u00e4dte &#8211; allen voran \u201eLa Habana\u201c! Faszinierende Architektur zwischen Verfall und Hoffnung, Kolonialismus und Sozialismus, voll bunter Farben, Bars und Revolutionsparolen auf vielen Fasaden.<\/p>\n<p>Neben dieser kulturellen Vielfalt war ich \u00fcberrascht und begeistert von der Natur Kubas. Sie ist ebenso vielf\u00e4ltig wie abwechslungsreich: endlose Traumst\u00e4nde, subtropischer Regenwald, riesige Tabakfelder, eine spannende Tierwelt, saftige T\u00e4ler und ein knapp 2000m hoher Berg \u2013 klar, dass ich da hoch musste!<\/p>\n<div id=\"bilderstapel\"><img decoding=\"async\" class=\"obersteebene\" src=\"https:\/\/lars-hofmann.com\/Reisevisionen\/wp-content\/uploads\/Baracoa-Gang-Plakat.jpg\" alt=\"\" \/><img decoding=\"async\" src=\"https:\/\/lars-hofmann.com\/Reisevisionen\/wp-content\/uploads\/DSCN0689.jpg\" alt=\"\" \/><img decoding=\"async\" src=\"https:\/\/lars-hofmann.com\/Reisevisionen\/wp-content\/uploads\/LKU_3687.jpg\" alt=\"\" \/><img decoding=\"async\" src=\"https:\/\/lars-hofmann.com\/Reisevisionen\/wp-content\/uploads\/LKU_3755.jpg\" alt=\"\" \/><img decoding=\"async\" src=\"https:\/\/lars-hofmann.com\/Reisevisionen\/wp-content\/uploads\/LKU_3796.jpg\" alt=\"\" \/><img decoding=\"async\" src=\"https:\/\/lars-hofmann.com\/Reisevisionen\/wp-content\/uploads\/LKU_3842.jpg\" alt=\"\" \/><img decoding=\"async\" src=\"https:\/\/lars-hofmann.com\/Reisevisionen\/wp-content\/uploads\/LKU_3988.jpg\" alt=\"\" \/><img decoding=\"async\" src=\"https:\/\/lars-hofmann.com\/Reisevisionen\/wp-content\/uploads\/LKU_4030.jpg\" alt=\"\" \/><img decoding=\"async\" src=\"https:\/\/lars-hofmann.com\/Reisevisionen\/wp-content\/uploads\/LKU_4141.jpg\" alt=\"\" \/><img decoding=\"async\" src=\"https:\/\/lars-hofmann.com\/Reisevisionen\/wp-content\/uploads\/LKU_4228.jpg\" alt=\"\" \/><img decoding=\"async\" src=\"https:\/\/lars-hofmann.com\/Reisevisionen\/wp-content\/uploads\/LKU_4619.jpg\" alt=\"\" \/><img decoding=\"async\" src=\"https:\/\/lars-hofmann.com\/Reisevisionen\/wp-content\/uploads\/LKU_4683.jpg\" alt=\"\" \/><img decoding=\"async\" src=\"https:\/\/lars-hofmann.com\/Reisevisionen\/wp-content\/uploads\/LKU_4794.jpg\" alt=\"\" \/><img decoding=\"async\" src=\"https:\/\/lars-hofmann.com\/Reisevisionen\/wp-content\/uploads\/LKU_4921.jpg\" alt=\"\" \/><img decoding=\"async\" src=\"https:\/\/lars-hofmann.com\/Reisevisionen\/wp-content\/uploads\/LKU_4937.jpg\" alt=\"\" \/><img decoding=\"async\" src=\"https:\/\/lars-hofmann.com\/Reisevisionen\/wp-content\/uploads\/LKU_5069.jpg\" alt=\"\" \/><img decoding=\"async\" src=\"https:\/\/lars-hofmann.com\/Reisevisionen\/wp-content\/uploads\/LKU_5212.jpg\" alt=\"\" \/><img decoding=\"async\" src=\"https:\/\/lars-hofmann.com\/Reisevisionen\/wp-content\/uploads\/LKU_5249.jpg\" alt=\"\" \/><img decoding=\"async\" src=\"https:\/\/lars-hofmann.com\/Reisevisionen\/wp-content\/uploads\/LKU_5258.jpg\" alt=\"\" \/><img decoding=\"async\" src=\"https:\/\/lars-hofmann.com\/Reisevisionen\/wp-content\/uploads\/LKU_5270.jpg\" alt=\"\" \/><img decoding=\"async\" src=\"https:\/\/lars-hofmann.com\/Reisevisionen\/wp-content\/uploads\/LKU_5734.jpg\" alt=\"\" \/><img decoding=\"async\" src=\"https:\/\/lars-hofmann.com\/Reisevisionen\/wp-content\/uploads\/LKU_5736.jpg\" alt=\"\" \/><img decoding=\"async\" src=\"https:\/\/lars-hofmann.com\/Reisevisionen\/wp-content\/uploads\/LKU_5814.jpg\" alt=\"\" \/><img decoding=\"async\" src=\"https:\/\/lars-hofmann.com\/Reisevisionen\/wp-content\/uploads\/LKU_5818.jpg\" alt=\"\" \/><img decoding=\"async\" src=\"https:\/\/lars-hofmann.com\/Reisevisionen\/wp-content\/uploads\/LKU_5819.jpg\" alt=\"\" \/><img decoding=\"async\" src=\"https:\/\/lars-hofmann.com\/Reisevisionen\/wp-content\/uploads\/LKU_5822.jpg\" alt=\"\" \/><img decoding=\"async\" src=\"https:\/\/lars-hofmann.com\/Reisevisionen\/wp-content\/uploads\/LKU_5834.jpg\" alt=\"\" \/><img decoding=\"async\" src=\"https:\/\/lars-hofmann.com\/Reisevisionen\/wp-content\/uploads\/LKU_5838.jpg\" alt=\"\" \/><img decoding=\"async\" src=\"https:\/\/lars-hofmann.com\/Reisevisionen\/wp-content\/uploads\/LKU_6232.jpg\" alt=\"\" \/><img decoding=\"async\" src=\"https:\/\/lars-hofmann.com\/Reisevisionen\/wp-content\/uploads\/LKU_6314.jpg\" alt=\"\" \/><img decoding=\"async\" src=\"https:\/\/lars-hofmann.com\/Reisevisionen\/wp-content\/uploads\/LKU_7242.jpg\" alt=\"\" \/><img decoding=\"async\" src=\"https:\/\/lars-hofmann.com\/Reisevisionen\/wp-content\/uploads\/LKU_8041.jpg\" alt=\"\" \/><img decoding=\"async\" src=\"https:\/\/lars-hofmann.com\/Reisevisionen\/wp-content\/uploads\/LKU_8340.jpg\" alt=\"\" \/><img decoding=\"async\" src=\"https:\/\/lars-hofmann.com\/Reisevisionen\/wp-content\/uploads\/LKU_9123.jpg\" alt=\"\" \/><img decoding=\"async\" src=\"https:\/\/lars-hofmann.com\/Reisevisionen\/wp-content\/uploads\/LKU_9293.jpg\" alt=\"\" \/><img decoding=\"async\" src=\"https:\/\/lars-hofmann.com\/Reisevisionen\/wp-content\/uploads\/LKU_9296.jpg\" alt=\"\" \/><img decoding=\"async\" src=\"https:\/\/lars-hofmann.com\/Reisevisionen\/wp-content\/uploads\/Nebelbaume.jpg\" alt=\"\" \/><\/div>\n","protected":false},"excerpt":{"rendered":"<p>Cuba es mas! Ja, Kuba ist mehr! Mehr als das, was ich w\u00e4hrend meines vierw\u00f6chigen Aufenthaltes im Februar 2012 sehen und erleben durfte. Aber auch vielmehr, als wir bei uns in den Medien lesen, sehen oder h\u00f6ren k\u00f6nnen. Und vor allem viel mehr als nur karibischer Strand und Mojito. Auch wenn Str\u00e4nde und Cocktails in [&hellip;]<\/p>\n","protected":false},"author":2,"featured_media":0,"parent":7,"menu_order":2,"comment_status":"open","ping_status":"closed","template":"","meta":{"footnotes":""},"class_list":["post-383","page","type-page","status-publish","hentry"],"_links":{"self":[{"href":"https:\/\/lars-hofmann.com\/Reisevisionen\/wp-json\/wp\/v2\/pages\/383","targetHints":{"allow":["GET"]}}],"collection":[{"href":"https:\/\/lars-hofmann.com\/Reisevisionen\/wp-json\/wp\/v2\/pages"}],"about":[{"href":"https:\/\/lars-hofmann.com\/Reisevisionen\/wp-json\/wp\/v2\/types\/page"}],"author":[{"embeddable":true,"href":"https:\/\/lars-hofmann.com\/Reisevisionen\/wp-json\/wp\/v2\/users\/2"}],"replies":[{"embeddable":true,"href":"https:\/\/lars-hofmann.com\/Reisevisionen\/wp-json\/wp\/v2\/comments?post=383"}],"version-history":[{"count":21,"href":"https:\/\/lars-hofmann.com\/Reisevisionen\/wp-json\/wp\/v2\/pages\/383\/revisions"}],"predecessor-version":[{"id":726,"href":"https:\/\/lars-hofmann.com\/Reisevisionen\/wp-json\/wp\/v2\/pages\/383\/revisions\/726"}],"up":[{"embeddable":true,"href":"https:\/\/lars-hofmann.com\/Reisevisionen\/wp-json\/wp\/v2\/pages\/7"}],"wp:attachment":[{"href":"https:\/\/lars-hofmann.com\/Reisevisionen\/wp-json\/wp\/v2\/media?parent=383"}],"curies":[{"name":"wp","href":"https:\/\/api.w.org\/{rel}","templated":true}]}}