{"id":4,"date":"2010-09-11T11:25:56","date_gmt":"2010-09-11T11:25:56","guid":{"rendered":"http:\/\/www.lars-hofmann.com\/Reisevisionen\/wordpress\/?page_id=4"},"modified":"2018-01-06T14:31:34","modified_gmt":"2018-01-06T13:31:34","slug":"home","status":"publish","type":"page","link":"https:\/\/lars-hofmann.com\/Reisevisionen\/","title":{"rendered":"Home"},"content":{"rendered":"<p style=\"text-align: center;\">Herzlich Willkommen auf meinen Reisevisionsseiten. Hier erfahren Sie einiges \u00fcber mich, meine Reisen, meine Fotografien und die Vortr\u00e4ge. Ich freue mich, wenn ich Ihr Interesse an anderen Kulturen, Menschen, Lebenswelten und Naturr\u00e4umen wecken kann. Und ich freue mich noch mehr, wenn ich Sie bei einem Vortrag auf eine meiner Reisen mitnehmen darf!<\/p>\n<p style=\"text-align: center;\">\n<p style=\"text-align: center;\">\n<p style=\"text-align: center;\">\n<p style=\"text-align: center;\">\n<p style=\"text-align: center;\">\n<div id=\"bilderstapel\"><img decoding=\"async\" class=\"obersteebene\" src=\"https:\/\/lars-hofmann.com\/Reisevisionen\/wp-content\/uploads\/Santiago-051.jpg\" alt=\"\" \/><img decoding=\"async\" src=\"https:\/\/lars-hofmann.com\/Reisevisionen\/wp-content\/uploads\/Puerto-Eden-2.jpg\" alt=\"\" \/><img decoding=\"async\" src=\"https:\/\/lars-hofmann.com\/Reisevisionen\/wp-content\/uploads\/Paraguay.jpg\" alt=\"\" \/><img decoding=\"async\" src=\"https:\/\/lars-hofmann.com\/Reisevisionen\/wp-content\/uploads\/Leopard.jpg\" alt=\"\" \/><img decoding=\"async\" src=\"https:\/\/lars-hofmann.com\/Reisevisionen\/wp-content\/uploads\/Kids-014.jpg\" alt=\"\" \/><img decoding=\"async\" src=\"https:\/\/lars-hofmann.com\/Reisevisionen\/wp-content\/uploads\/Kids-1.jpg\" alt=\"\" \/><img decoding=\"async\" src=\"https:\/\/lars-hofmann.com\/Reisevisionen\/wp-content\/uploads\/Island31.jpg\" alt=\"\" \/><img decoding=\"async\" src=\"https:\/\/lars-hofmann.com\/Reisevisionen\/wp-content\/uploads\/Galapalava01.jpg\" alt=\"\" \/><img decoding=\"async\" src=\"https:\/\/lars-hofmann.com\/Reisevisionen\/wp-content\/uploads\/Fuya-Fuya.jpg\" alt=\"\" \/><img decoding=\"async\" src=\"https:\/\/lars-hofmann.com\/Reisevisionen\/wp-content\/uploads\/F\u00fcr-Brigitte.jpg\" alt=\"\" \/><img decoding=\"async\" src=\"https:\/\/lars-hofmann.com\/Reisevisionen\/wp-content\/uploads\/Fitz-Roy.jpg\" alt=\"\" \/><img decoding=\"async\" src=\"https:\/\/lars-hofmann.com\/Reisevisionen\/wp-content\/uploads\/dritter-tag-cara-sur-021.jpg\" alt=\"\" \/><img decoding=\"async\" src=\"https:\/\/lars-hofmann.com\/Reisevisionen\/wp-content\/uploads\/Cooler-Rapa-Nui.jpg\" alt=\"\" \/><img decoding=\"async\" src=\"https:\/\/lars-hofmann.com\/Reisevisionen\/wp-content\/uploads\/Chimborazo.jpg\" alt=\"\" \/><img decoding=\"async\" src=\"https:\/\/lars-hofmann.com\/Reisevisionen\/wp-content\/uploads\/Bartolome-2.jpg\" alt=\"\" \/><img decoding=\"async\" src=\"https:\/\/lars-hofmann.com\/Reisevisionen\/wp-content\/uploads\/\u00c4thiopien-Kids-7.jpg\" alt=\"\" \/><img decoding=\"async\" src=\"https:\/\/lars-hofmann.com\/Reisevisionen\/wp-content\/uploads\/Abspann-013.jpg\" alt=\"\" \/><img decoding=\"async\" src=\"https:\/\/lars-hofmann.com\/Reisevisionen\/wp-content\/uploads\/LOS1559.jpg\" alt=\"\" \/><img decoding=\"async\" src=\"https:\/\/lars-hofmann.com\/Reisevisionen\/wp-content\/uploads\/LIN2701.jpg\" alt=\"\" \/><\/div>\n","protected":false},"excerpt":{"rendered":"<p>Herzlich Willkommen auf meinen Reisevisionsseiten. Hier erfahren Sie einiges \u00fcber mich, meine Reisen, meine Fotografien und die Vortr\u00e4ge. Ich freue mich, wenn ich Ihr Interesse an anderen Kulturen, Menschen, Lebenswelten und Naturr\u00e4umen wecken kann. Und ich freue mich noch mehr, wenn ich Sie bei einem Vortrag auf eine meiner Reisen mitnehmen darf!<\/p>\n","protected":false},"author":1,"featured_media":0,"parent":0,"menu_order":1,"comment_status":"open","ping_status":"closed","template":"","meta":{"footnotes":""},"class_list":["post-4","page","type-page","status-publish","hentry"],"_links":{"self":[{"href":"https:\/\/lars-hofmann.com\/Reisevisionen\/wp-json\/wp\/v2\/pages\/4","targetHints":{"allow":["GET"]}}],"collection":[{"href":"https:\/\/lars-hofmann.com\/Reisevisionen\/wp-json\/wp\/v2\/pages"}],"about":[{"href":"https:\/\/lars-hofmann.com\/Reisevisionen\/wp-json\/wp\/v2\/types\/page"}],"author":[{"embeddable":true,"href":"https:\/\/lars-hofmann.com\/Reisevisionen\/wp-json\/wp\/v2\/users\/1"}],"replies":[{"embeddable":true,"href":"https:\/\/lars-hofmann.com\/Reisevisionen\/wp-json\/wp\/v2\/comments?post=4"}],"version-history":[{"count":46,"href":"https:\/\/lars-hofmann.com\/Reisevisionen\/wp-json\/wp\/v2\/pages\/4\/revisions"}],"predecessor-version":[{"id":798,"href":"https:\/\/lars-hofmann.com\/Reisevisionen\/wp-json\/wp\/v2\/pages\/4\/revisions\/798"}],"wp:attachment":[{"href":"https:\/\/lars-hofmann.com\/Reisevisionen\/wp-json\/wp\/v2\/media?parent=4"}],"curies":[{"name":"wp","href":"https:\/\/api.w.org\/{rel}","templated":true}]}}