{"id":40,"date":"2010-09-11T11:37:03","date_gmt":"2010-09-11T11:37:03","guid":{"rendered":"http:\/\/www.lars-hofmann.com\/Reisevisionen\/wordpress\/?page_id=40"},"modified":"2016-04-06T09:01:08","modified_gmt":"2016-04-06T09:01:08","slug":"lebenswelten","status":"publish","type":"page","link":"https:\/\/lars-hofmann.com\/Reisevisionen\/diavisionen\/lebenswelten\/","title":{"rendered":"Lebenswelten"},"content":{"rendered":"<p>Lebenswelten<\/p>\n<p>Lars Hofmann aus Kronach ist seit vielen Jahren mit Diavisionen \u00fcber seine Reisen im oberfr\u00e4nkischen Raum unterwegs. Charakteristisch f\u00fcr die Vortr\u00e4ge ist die Verbindung von Bildern und Musik, zu denen Lars Hofmann Geschichten und Erlebnisse von den Reisen erz\u00e4hlt. Und davon gibt es sehr viele, da es Lars Hofmann wichtig ist, neben der Natur und den Sehensw\u00fcrdigkeiten vor allem auch die Menschen kennen zu lernen. So begibt er sich mit positiver Neugier und Offenheit in die Lebenswelten scheinbar fremder Menschen und Kulturen. Aber durch die offene Art wird er schnell Teil der Lebenswelt und wird oft herzlich und offen aufgenommen.<\/p>\n<p>Der neue Vortrag \u201eLebenswelten\u201c stellt aber kein bestimmtes Reiseziel vor. Er will vielmehr Einblicke geben in kleine und gro\u00dfe Lebenswelten, die Lars Hofmann w\u00e4hrend seiner Reisen nach S\u00fcdamerika, Afrika, Zentralasien und in Europa erlebt hat. Viele Dias, die noch nie in einem Vortrag Platz gefunden haben, zeigen bizarre Formen oder wilde Blumen, atemberaubende Wasserf\u00e4lle oder romantische Traumstr\u00e4nde, Momentaufnahmen von Menschen oder spannende Tierbilder. Unterteilt sind die Bilder in die vier Bereiche Wasser, Tiere, Landschaften, Menschen. Zu jedem Bereich erz\u00e4hlt Lars Hofmann eine Geschichte aus einer der jeweiligen \u201eLebenswelten\u201c. Schwerpunkt bei diesem Vortrag sind aber die stimmungsvollen Bildern und die Musik. Und die ist in \u201eLebenswelten\u201c was Besonderes: Wie schon bei den Reisevortr\u00e4gen nimmt sie einen wichtigen Stellenwert ein. Hier gibt es allerdings eine Steigerung: Die Musik kommt nicht (nur) vom Band, sondern wird haupts\u00e4chlich live gespielt. Die Geigerin, S\u00e4ngerin und Komponistin Tatjana Mat\u00e9 untermalt die Bilder mit ihrer eindr\u00fccklichen, stimmungsvollen Musik. Was f\u00fcr Lars Hofmann die Bildern und Geschichten sind, ist f\u00fcr Tatjana Mat\u00e9 die Musik: Die K\u00fcnstlerin sch\u00f6pft aus dem Fundus aller musikalischen Stile und Kulturen und verkn\u00fcpft diese mit ihren eigenen Vorstellungen. Die Live Umsetzung der Songs der CD sowie einiger Titel, die<br \/>\nnicht auf der Ver\u00f6ffentlichung zu h\u00f6ren sind, wird dem Konzertbesucher in einer ungew\u00f6hnlichen, absolut beeindruckenden und qualitativ hochwertigen Performance dargeboten. Tatjana Mat\u00e9, Kind serboslowenischer Eltern begann ihre klassische Ausbildung in Slowenien. Nach ihrem Studium in Deutschland und Gro\u00dfbritannien gab die ausgebildete Konzertgeigerin viele Konzerte in Europa, bekam Anstellungen bei verschiedenen Orchestern und erspielte sich etliche Preise und Auszeichnungen.<\/p>\n<p><object id=\"mymovie\" classid=\"clsid:d27cdb6e-ae6d-11cf-96b8-444553540000\" width=\"460\" height=\"320\" codebase=\"http:\/\/download.macromedia.com\/pub\/shockwave\/cabs\/flash\/swflash.cab#version=6,0,40,0\"><param name=\"name\" value=\"mymovie\" \/><param name=\"bgcolor\" value=\"#ffffff\" \/><param name=\"src\" value=\"http:\/\/lars-hofmann.com\/Reisevisionen\/wp-content\/themes\/magnesium\/flash\/lebenswelten\/slideshow.swf\" \/><param name=\"wmode\" value=\"opaque\" \/><param name=\"quality\" value=\"high\" \/><embed id=\"mymovie\" type=\"application\/x-shockwave-flash\" width=\"460\" height=\"320\" src=\"http:\/\/lars-hofmann.com\/Reisevisionen\/wp-content\/themes\/magnesium\/flash\/lebenswelten\/slideshow.swf\" quality=\"high\" wmode=\"opaque\" bgcolor=\"#ffffff\" name=\"mymovie\"><\/embed><\/object><\/p>\n","protected":false},"excerpt":{"rendered":"<p>Lebenswelten Lars Hofmann aus Kronach ist seit vielen Jahren mit Diavisionen \u00fcber seine Reisen im oberfr\u00e4nkischen Raum unterwegs. Charakteristisch f\u00fcr die Vortr\u00e4ge ist die Verbindung von Bildern und Musik, zu denen Lars Hofmann Geschichten und Erlebnisse von den Reisen erz\u00e4hlt. Und davon gibt es sehr viele, da es Lars Hofmann wichtig ist, neben der Natur [&hellip;]<\/p>\n","protected":false},"author":1,"featured_media":0,"parent":7,"menu_order":9,"comment_status":"open","ping_status":"closed","template":"","meta":{"footnotes":""},"class_list":["post-40","page","type-page","status-publish","hentry"],"_links":{"self":[{"href":"https:\/\/lars-hofmann.com\/Reisevisionen\/wp-json\/wp\/v2\/pages\/40","targetHints":{"allow":["GET"]}}],"collection":[{"href":"https:\/\/lars-hofmann.com\/Reisevisionen\/wp-json\/wp\/v2\/pages"}],"about":[{"href":"https:\/\/lars-hofmann.com\/Reisevisionen\/wp-json\/wp\/v2\/types\/page"}],"author":[{"embeddable":true,"href":"https:\/\/lars-hofmann.com\/Reisevisionen\/wp-json\/wp\/v2\/users\/1"}],"replies":[{"embeddable":true,"href":"https:\/\/lars-hofmann.com\/Reisevisionen\/wp-json\/wp\/v2\/comments?post=40"}],"version-history":[{"count":7,"href":"https:\/\/lars-hofmann.com\/Reisevisionen\/wp-json\/wp\/v2\/pages\/40\/revisions"}],"predecessor-version":[{"id":612,"href":"https:\/\/lars-hofmann.com\/Reisevisionen\/wp-json\/wp\/v2\/pages\/40\/revisions\/612"}],"up":[{"embeddable":true,"href":"https:\/\/lars-hofmann.com\/Reisevisionen\/wp-json\/wp\/v2\/pages\/7"}],"wp:attachment":[{"href":"https:\/\/lars-hofmann.com\/Reisevisionen\/wp-json\/wp\/v2\/media?parent=40"}],"curies":[{"name":"wp","href":"https:\/\/api.w.org\/{rel}","templated":true}]}}