{"id":42,"date":"2010-09-11T11:37:30","date_gmt":"2010-09-11T11:37:30","guid":{"rendered":"http:\/\/www.lars-hofmann.com\/Reisevisionen\/wordpress\/?page_id=42"},"modified":"2016-04-06T09:01:00","modified_gmt":"2016-04-06T09:01:00","slug":"sibirien","status":"publish","type":"page","link":"https:\/\/lars-hofmann.com\/Reisevisionen\/diavisionen\/sibirien\/","title":{"rendered":"Sibirien"},"content":{"rendered":"<p>Sibirien \u2013 Es ist Zeit, h\u00f6chste Zeit!<\/p>\n<p>&#8222;Es ist Zeit, h\u00f6chste Zeit\u201c, mit diesen Worten unterstrich Zar Alexander 1886 die Argumente f\u00fcr den Bau der Transsibirischen Eisenbahn. \u00dcber 100 Jahre sp\u00e4ter denken viele Menschen bei Sibirien immer noch an Winter, K\u00e4lte, Schnee, Gefangenenlager und \u00a0Zwangsarbeit. Es war also Zeit, h\u00f6chste Zeit f\u00fcr mich, eine Reise durch Sibirien zu unternehmen. Im Sommer 2003 war es soweit: 6 Wochen hatte ich Zeit, um einen Einblick in diese riesige Region zu bekommen. Transportmittel war gr\u00f6\u00dftenteils die Eisenbahn. Aber nicht nur die klassische Strecke von Moskau nach Wladiwostok war mein Ziel. Vielmehr wollte ich abseits der Transsib Menschen und Landschaften kennenlernen. Das Altaigebirge an der Grenze zur Mongolei und nach China und das Nordende des Baikalsees sind zwei Regionen, die 2003 noch kaum von ausl\u00e4ndischen Touristen besucht waren! Das Leben der Menschen in den Berg- oder Fischerd\u00f6rfern, ihre Nat\u00fcrlichkeit, Gastfreundschaft und Hilfsbereitschaft haben mich genauso \u00fcberrascht, wie die einzigartige Landschaft.<\/p>\n<p><object id=\"mymovie\" classid=\"clsid:d27cdb6e-ae6d-11cf-96b8-444553540000\" width=\"460\" height=\"320\" codebase=\"http:\/\/download.macromedia.com\/pub\/shockwave\/cabs\/flash\/swflash.cab#version=6,0,40,0\"><param name=\"name\" value=\"mymovie\" \/><param name=\"bgcolor\" value=\"#ffffff\" \/><param name=\"src\" value=\"http:\/\/lars-hofmann.com\/Reisevisionen\/wp-content\/themes\/magnesium\/flash\/sibirien\/slideshow.swf\" \/><param name=\"wmode\" value=\"opaque\" \/><param name=\"quality\" value=\"high\" \/><embed id=\"mymovie\" type=\"application\/x-shockwave-flash\" width=\"460\" height=\"320\" src=\"http:\/\/lars-hofmann.com\/Reisevisionen\/wp-content\/themes\/magnesium\/flash\/sibirien\/slideshow.swf\" quality=\"high\" wmode=\"opaque\" bgcolor=\"#ffffff\" name=\"mymovie\"><\/embed><\/object><\/p>\n","protected":false},"excerpt":{"rendered":"<p>Sibirien \u2013 Es ist Zeit, h\u00f6chste Zeit! &#8222;Es ist Zeit, h\u00f6chste Zeit\u201c, mit diesen Worten unterstrich Zar Alexander 1886 die Argumente f\u00fcr den Bau der Transsibirischen Eisenbahn. \u00dcber 100 Jahre sp\u00e4ter denken viele Menschen bei Sibirien immer noch an Winter, K\u00e4lte, Schnee, Gefangenenlager und \u00a0Zwangsarbeit. Es war also Zeit, h\u00f6chste Zeit f\u00fcr mich, eine Reise [&hellip;]<\/p>\n","protected":false},"author":1,"featured_media":0,"parent":7,"menu_order":8,"comment_status":"open","ping_status":"closed","template":"","meta":{"footnotes":""},"class_list":["post-42","page","type-page","status-publish","hentry"],"_links":{"self":[{"href":"https:\/\/lars-hofmann.com\/Reisevisionen\/wp-json\/wp\/v2\/pages\/42","targetHints":{"allow":["GET"]}}],"collection":[{"href":"https:\/\/lars-hofmann.com\/Reisevisionen\/wp-json\/wp\/v2\/pages"}],"about":[{"href":"https:\/\/lars-hofmann.com\/Reisevisionen\/wp-json\/wp\/v2\/types\/page"}],"author":[{"embeddable":true,"href":"https:\/\/lars-hofmann.com\/Reisevisionen\/wp-json\/wp\/v2\/users\/1"}],"replies":[{"embeddable":true,"href":"https:\/\/lars-hofmann.com\/Reisevisionen\/wp-json\/wp\/v2\/comments?post=42"}],"version-history":[{"count":9,"href":"https:\/\/lars-hofmann.com\/Reisevisionen\/wp-json\/wp\/v2\/pages\/42\/revisions"}],"predecessor-version":[{"id":611,"href":"https:\/\/lars-hofmann.com\/Reisevisionen\/wp-json\/wp\/v2\/pages\/42\/revisions\/611"}],"up":[{"embeddable":true,"href":"https:\/\/lars-hofmann.com\/Reisevisionen\/wp-json\/wp\/v2\/pages\/7"}],"wp:attachment":[{"href":"https:\/\/lars-hofmann.com\/Reisevisionen\/wp-json\/wp\/v2\/media?parent=42"}],"curies":[{"name":"wp","href":"https:\/\/api.w.org\/{rel}","templated":true}]}}