{"id":576,"date":"2016-04-06T08:37:03","date_gmt":"2016-04-06T08:37:03","guid":{"rendered":"http:\/\/www.lars-hofmann.com\/Reisevisionen\/"},"modified":"2017-11-04T13:55:01","modified_gmt":"2017-11-04T12:55:01","slug":"gente-de-cuba-cuentos-de-cuba-teil-2","status":"publish","type":"page","link":"https:\/\/lars-hofmann.com\/Reisevisionen\/diavisionen\/gente-de-cuba-cuentos-de-cuba-teil-2\/","title":{"rendered":"Gente de Cuba &#8211; Cuentos de   Cuba (Teil 2)"},"content":{"rendered":"<p style=\"text-align: center;\"><a href=\"https:\/\/lars-hofmann.com\/Reisevisionen\/wp-content\/uploads\/Flyer-Cuba-_2.jpg\"><\/a><a href=\"https:\/\/lars-hofmann.com\/Reisevisionen\/wp-content\/uploads\/Pl_Gente-de-Cuba_klein.jpeg\"><img loading=\"lazy\" decoding=\"async\" class=\"aligncenter size-full wp-image-757\" title=\"Pl_Gente de Cuba 50x70 neu 2.indd\" src=\"https:\/\/lars-hofmann.com\/Reisevisionen\/wp-content\/uploads\/Pl_Gente-de-Cuba_klein.jpeg\" alt=\"\" width=\"551\" height=\"771\" srcset=\"https:\/\/lars-hofmann.com\/Reisevisionen\/wp-content\/uploads\/Pl_Gente-de-Cuba_klein.jpeg 689w, https:\/\/lars-hofmann.com\/Reisevisionen\/wp-content\/uploads\/Pl_Gente-de-Cuba_klein-214x300.jpg 214w\" sizes=\"auto, (max-width: 551px) 100vw, 551px\" \/><\/a><\/p>\n<p>Im M\u00e4rz 2014 waren wir also zum zweiten Mal in Kuba. Von den \u00fcber 50 Fotos, gr\u00f6\u00dftenteils im Format 20&#215;30, die wir den Menschen schenken wollten, haben wir nur f\u00fcnf St\u00fcck wieder mit nach Hause nehmen m\u00fcssen. D.h., wir haben fast alle Menschen wieder getroffen oder gefunden &#8211; selbst in der Millionenstadt Havana! \u00a0Ihr k\u00f6nnt euch vorstellen, welch wundervolle, \u00fcberraschende und sehr emotionale Begegnungen mit den Menschen dabei entstanden sind. Und davon erz\u00e4hle ich im Vortrag &#8222;Gente de Cuba &#8211; Cuentos de Cuba&#8220;.<\/p>\n<p>Der Vortrag dauert \u00fcber zwei Stunden und ist ein richtiger Erz\u00e4hlvortrag. Denn ich durfte auf dieser Reise hinter die Portraits schauen, Menschen noch n\u00e4her kennen lernen, wodurch aus Gesichtern auf Fotos Geschichten von Menschen wurden.<\/p>\n<p>Im Men\u00fcpunkt &#8222;Fotoausstellungen&#8220; gibt es Leseproben aus dem Leseheft, das ich im Rahmen der Ausstellung ver\u00f6ffentlicht habe.<\/p>\n","protected":false},"excerpt":{"rendered":"<p>Im M\u00e4rz 2014 waren wir also zum zweiten Mal in Kuba. Von den \u00fcber 50 Fotos, gr\u00f6\u00dftenteils im Format 20&#215;30, die wir den Menschen schenken wollten, haben wir nur f\u00fcnf St\u00fcck wieder mit nach Hause nehmen m\u00fcssen. D.h., wir haben fast alle Menschen wieder getroffen oder gefunden &#8211; selbst in der Millionenstadt Havana! \u00a0Ihr k\u00f6nnt [&hellip;]<\/p>\n","protected":false},"author":2,"featured_media":0,"parent":7,"menu_order":1,"comment_status":"open","ping_status":"closed","template":"","meta":{"footnotes":""},"class_list":["post-576","page","type-page","status-publish","hentry"],"_links":{"self":[{"href":"https:\/\/lars-hofmann.com\/Reisevisionen\/wp-json\/wp\/v2\/pages\/576","targetHints":{"allow":["GET"]}}],"collection":[{"href":"https:\/\/lars-hofmann.com\/Reisevisionen\/wp-json\/wp\/v2\/pages"}],"about":[{"href":"https:\/\/lars-hofmann.com\/Reisevisionen\/wp-json\/wp\/v2\/types\/page"}],"author":[{"embeddable":true,"href":"https:\/\/lars-hofmann.com\/Reisevisionen\/wp-json\/wp\/v2\/users\/2"}],"replies":[{"embeddable":true,"href":"https:\/\/lars-hofmann.com\/Reisevisionen\/wp-json\/wp\/v2\/comments?post=576"}],"version-history":[{"count":15,"href":"https:\/\/lars-hofmann.com\/Reisevisionen\/wp-json\/wp\/v2\/pages\/576\/revisions"}],"predecessor-version":[{"id":626,"href":"https:\/\/lars-hofmann.com\/Reisevisionen\/wp-json\/wp\/v2\/pages\/576\/revisions\/626"}],"up":[{"embeddable":true,"href":"https:\/\/lars-hofmann.com\/Reisevisionen\/wp-json\/wp\/v2\/pages\/7"}],"wp:attachment":[{"href":"https:\/\/lars-hofmann.com\/Reisevisionen\/wp-json\/wp\/v2\/media?parent=576"}],"curies":[{"name":"wp","href":"https:\/\/api.w.org\/{rel}","templated":true}]}}