{"id":586,"date":"2016-04-06T08:47:07","date_gmt":"2016-04-06T08:47:07","guid":{"rendered":"http:\/\/www.lars-hofmann.com\/Reisevisionen\/"},"modified":"2018-01-06T13:59:23","modified_gmt":"2018-01-06T12:59:23","slug":"fotoausstellungen","status":"publish","type":"page","link":"https:\/\/lars-hofmann.com\/Reisevisionen\/fotoausstellungen\/","title":{"rendered":"Fotoausstellungen"},"content":{"rendered":"<p style=\"text-align: center;\">\n<p style=\"text-align: center;\"><a href=\"https:\/\/lars-hofmann.com\/Reisevisionen\/wp-content\/uploads\/Titel_Leinwand_klein4.jpg\"><img loading=\"lazy\" decoding=\"async\" class=\"aligncenter size-full wp-image-662\" title=\"Titel_Leinwand_klein\" src=\"https:\/\/lars-hofmann.com\/Reisevisionen\/wp-content\/uploads\/Titel_Leinwand_klein4.jpg\" alt=\"\" width=\"463\" height=\"93\" \/><\/a><\/p>\n<p>\u00dcber dieses &#8222;Projekt&#8220; gibt es eine Fotoausstellung mit 60 Bildern im Gro\u00dfformat auf Alu Dipond und geb\u00fcrstetem Alu.<\/p>\n<p style=\"text-align: center;\"><strong>Aktuell<\/strong><\/p>\n<p style=\"text-align: center;\"><strong>11.11.2017 bis 10.01.2018<\/strong><\/p>\n<p style=\"text-align: center;\"><strong>Karibik Bar und Galerie Ambiente, Martin Ludwig, Kronach<\/strong><\/p>\n<p><span style=\"text-decoration: underline;\">Vergangene Ausstellungen:<\/span><\/p>\n<p>15.11. bis 23.12.2015<br \/>\nWintergarten Baumann, Stockheim<\/p>\n<p>11.07.2016 bis 18.09.2016<br \/>\nCafe Lorla und Weltladen Kronach<\/p>\n<p>25.09.2016 bis 06.11.2016<\/p>\n<p>Alte Seilerei Bamberg<br \/>\n25.09. bis 06.11.2016<br \/>\n<a href=\"http:\/\/alteseilerei-bamberg.de\" target=\"_blank\"> www.alteseilerei-bamberg.de<\/a><\/p>\n<p>Neben den 60 Fotos geh\u00f6rt zur Ausstellung auch ein Leseheft mit 48 Seiten. In diesem Heft finden Sie alle Fotos der Ausstellung und weitere Aufnahmen aus Kuba. Ich erz\u00e4hle aber vor allem Geschichten: Geschichten, die ich erlebt habe, als ich die Portraitierten gefunden habe und Ihnen &#8222;Ihre Fotos&#8220; \u00fcberreicht habe. Ich erz\u00e4hle von den teilweise verr\u00fcckten Erlebnissen auf der Suche nach den Menschen und von den Begegnungen mit anderen Leuten, die mir bei meiner Suche geholfen haben. Durch diese pers\u00f6nlichen Geschichten erhalten Sie einen Einblick in ein Kuba im Wandel, ein Kuba der Kubaner_innen. Sie lernen die Menschen kennen, die ich fotografieren und kennen lernen durfte.<\/p>\n<p style=\"text-align: center;\"><a href=\"https:\/\/lars-hofmann.com\/Reisevisionen\/wp-content\/uploads\/Titel_Leseheft_klein.jpg\"><img loading=\"lazy\" decoding=\"async\" class=\"aligncenter size-large wp-image-668\" title=\"Titel_Leseheft_klein\" src=\"https:\/\/lars-hofmann.com\/Reisevisionen\/wp-content\/uploads\/Titel_Leseheft_klein-723x1024.jpg\" alt=\"\" width=\"506\" height=\"717\" srcset=\"https:\/\/lars-hofmann.com\/Reisevisionen\/wp-content\/uploads\/Titel_Leseheft_klein-723x1024.jpg 723w, https:\/\/lars-hofmann.com\/Reisevisionen\/wp-content\/uploads\/Titel_Leseheft_klein-212x300.jpg 212w\" sizes=\"auto, (max-width: 506px) 100vw, 506px\" \/><\/a><\/p>\n<p style=\"text-align: center;\"><strong><span style=\"text-decoration: underline;\">Leseproben<\/span><\/strong><\/p>\n<p style=\"text-align: center;\"><strong><a href=\"https:\/\/lars-hofmann.com\/Reisevisionen\/wp-content\/uploads\/Gente-de-Cuba-Cuentos-de-Cuba_3-5-1.pdf\" target=\"_blank\">Einleitung<\/a><\/strong><\/p>\n<p style=\"text-align: center;\"><strong><a href=\"https:\/\/lars-hofmann.com\/Reisevisionen\/wp-content\/uploads\/Gente-de-Cuba-Cuentos-de-Cuba_17-1.pdf\" target=\"_blank\">Geschichte von Felicia<\/a><\/strong><\/p>\n<p style=\"text-align: center;\"><strong><br \/>\n<\/strong><\/p>\n","protected":false},"excerpt":{"rendered":"<p>\u00dcber dieses &#8222;Projekt&#8220; gibt es eine Fotoausstellung mit 60 Bildern im Gro\u00dfformat auf Alu Dipond und geb\u00fcrstetem Alu. Aktuell 11.11.2017 bis 10.01.2018 Karibik Bar und Galerie Ambiente, Martin Ludwig, Kronach Vergangene Ausstellungen: 15.11. bis 23.12.2015 Wintergarten Baumann, Stockheim 11.07.2016 bis 18.09.2016 Cafe Lorla und Weltladen Kronach 25.09.2016 bis 06.11.2016 Alte Seilerei Bamberg 25.09. bis 06.11.2016 [&hellip;]<\/p>\n","protected":false},"author":2,"featured_media":0,"parent":0,"menu_order":5,"comment_status":"open","ping_status":"closed","template":"","meta":{"footnotes":""},"class_list":["post-586","page","type-page","status-publish","hentry"],"_links":{"self":[{"href":"https:\/\/lars-hofmann.com\/Reisevisionen\/wp-json\/wp\/v2\/pages\/586","targetHints":{"allow":["GET"]}}],"collection":[{"href":"https:\/\/lars-hofmann.com\/Reisevisionen\/wp-json\/wp\/v2\/pages"}],"about":[{"href":"https:\/\/lars-hofmann.com\/Reisevisionen\/wp-json\/wp\/v2\/types\/page"}],"author":[{"embeddable":true,"href":"https:\/\/lars-hofmann.com\/Reisevisionen\/wp-json\/wp\/v2\/users\/2"}],"replies":[{"embeddable":true,"href":"https:\/\/lars-hofmann.com\/Reisevisionen\/wp-json\/wp\/v2\/comments?post=586"}],"version-history":[{"count":41,"href":"https:\/\/lars-hofmann.com\/Reisevisionen\/wp-json\/wp\/v2\/pages\/586\/revisions"}],"predecessor-version":[{"id":631,"href":"https:\/\/lars-hofmann.com\/Reisevisionen\/wp-json\/wp\/v2\/pages\/586\/revisions\/631"}],"wp:attachment":[{"href":"https:\/\/lars-hofmann.com\/Reisevisionen\/wp-json\/wp\/v2\/media?parent=586"}],"curies":[{"name":"wp","href":"https:\/\/api.w.org\/{rel}","templated":true}]}}