{"id":615,"date":"2016-04-06T09:08:03","date_gmt":"2016-04-06T09:08:03","guid":{"rendered":"http:\/\/www.lars-hofmann.com\/Reisevisionen\/"},"modified":"2016-09-18T13:21:19","modified_gmt":"2016-09-18T11:21:19","slug":"pressefeedback","status":"publish","type":"page","link":"https:\/\/lars-hofmann.com\/Reisevisionen\/pressefeedback\/","title":{"rendered":"Presse\/Feedback"},"content":{"rendered":"<p><strong>Ladakh und Kaschmir: <\/strong> R\u00fcckblick zum Vortrag im Angerst\u00fcbla in Bad Staffelstein (auf der Homepage der Fotogruppe <a href=\"http:\/\/www.fotogruppe-bad-ste.de\" target=\"_blank\">Bad Staffelstein<\/a>):<\/p>\n<p>Ja, wir waren dort!<\/p>\n<p>Zumindest haben wir uns so gef\u00fchlt. Wer ihn kannte, wusste es ja schon vorher. Wer ihn zum ersten mal erleben durfte, der staunte. Bei einer Reisevision der Superlative nahm uns Lars Hofmann mit nach Ladakh und Kaschmir. Wir waren mittendrin: In Delhi, in Manali, in Leh, in Hunder, im Nubra-Tal, am Pangong-See, in Srinagar (Kaschmir). Wir waren so versunken, dass wir von der Pause \u00fcberrascht wurden. Die kam uns direkt ungelegen\u2026 Und noch ungelegener das Ende des Abends. Wir h\u00e4tten noch einmal so lange schauen und lauschen k\u00f6nnen. Mit Worten ist es nicht wirklich zu fassen.<\/p>\n<p>Knapp 80 Besucher hatten das Angerst\u00fcbla wieder bis zum Rand gef\u00fcllt. Und alle waren restlos begeistert. Von der Reise. Vom Vortrag. Von Lars sowieso. Wir hoffen, dass wir ihn im n\u00e4chsten Jahr noch einmal bei uns begr\u00fc\u00dfen k\u00f6nnen. Wer es so lange nicht aush\u00e4lt: Seine aktuellen Vortragstermine gibt\u2019s hier: <a href=\"http:\/\/www.lars-hofmann.com\/\">www.lars-hofmann.com<\/a><\/p>\n<p>Danke an Lars, danke an ein begeistertes Publikum, danke an unsere Helfer! Bis zum n\u00e4chsten Mal!<\/p>\n<p>Pressebericht im Freien Wort Sonneberg vom 10.09.2016 \u00fcber meinen Vortrag &#8222;Kuba es das&#8220; auf der Burg Neuhaus:<\/p>\n<p style=\"text-align: center;\"><a href=\"https:\/\/lars-hofmann.com\/Reisevisionen\/wp-content\/uploads\/Pressebericht_Kuba_FreiesWort.jpg\"><img loading=\"lazy\" decoding=\"async\" class=\"aligncenter size-large wp-image-682\" title=\"Pressebericht_Kuba_FreiesWort\" src=\"https:\/\/lars-hofmann.com\/Reisevisionen\/wp-content\/uploads\/Pressebericht_Kuba_FreiesWort-619x1024.jpg\" alt=\"\" width=\"495\" height=\"819\" srcset=\"https:\/\/lars-hofmann.com\/Reisevisionen\/wp-content\/uploads\/Pressebericht_Kuba_FreiesWort-619x1024.jpg 619w, https:\/\/lars-hofmann.com\/Reisevisionen\/wp-content\/uploads\/Pressebericht_Kuba_FreiesWort-181x300.jpg 181w\" sizes=\"auto, (max-width: 495px) 100vw, 495px\" \/><\/a><\/p>\n","protected":false},"excerpt":{"rendered":"<p>Ladakh und Kaschmir: R\u00fcckblick zum Vortrag im Angerst\u00fcbla in Bad Staffelstein (auf der Homepage der Fotogruppe Bad Staffelstein): Ja, wir waren dort! Zumindest haben wir uns so gef\u00fchlt. Wer ihn kannte, wusste es ja schon vorher. Wer ihn zum ersten mal erleben durfte, der staunte. Bei einer Reisevision der Superlative nahm uns Lars Hofmann mit [&hellip;]<\/p>\n","protected":false},"author":2,"featured_media":0,"parent":0,"menu_order":6,"comment_status":"open","ping_status":"closed","template":"","meta":{"footnotes":""},"class_list":["post-615","page","type-page","status-publish","hentry"],"_links":{"self":[{"href":"https:\/\/lars-hofmann.com\/Reisevisionen\/wp-json\/wp\/v2\/pages\/615","targetHints":{"allow":["GET"]}}],"collection":[{"href":"https:\/\/lars-hofmann.com\/Reisevisionen\/wp-json\/wp\/v2\/pages"}],"about":[{"href":"https:\/\/lars-hofmann.com\/Reisevisionen\/wp-json\/wp\/v2\/types\/page"}],"author":[{"embeddable":true,"href":"https:\/\/lars-hofmann.com\/Reisevisionen\/wp-json\/wp\/v2\/users\/2"}],"replies":[{"embeddable":true,"href":"https:\/\/lars-hofmann.com\/Reisevisionen\/wp-json\/wp\/v2\/comments?post=615"}],"version-history":[{"count":7,"href":"https:\/\/lars-hofmann.com\/Reisevisionen\/wp-json\/wp\/v2\/pages\/615\/revisions"}],"predecessor-version":[{"id":684,"href":"https:\/\/lars-hofmann.com\/Reisevisionen\/wp-json\/wp\/v2\/pages\/615\/revisions\/684"}],"wp:attachment":[{"href":"https:\/\/lars-hofmann.com\/Reisevisionen\/wp-json\/wp\/v2\/media?parent=615"}],"curies":[{"name":"wp","href":"https:\/\/api.w.org\/{rel}","templated":true}]}}