{"id":7,"date":"2010-09-11T11:26:23","date_gmt":"2010-09-11T11:26:23","guid":{"rendered":"http:\/\/www.lars-hofmann.com\/Reisevisionen\/wordpress\/?page_id=7"},"modified":"2018-01-06T14:02:35","modified_gmt":"2018-01-06T13:02:35","slug":"diavisionen","status":"publish","type":"page","link":"https:\/\/lars-hofmann.com\/Reisevisionen\/diavisionen\/","title":{"rendered":"Reisevisionen"},"content":{"rendered":"<p><span style=\"text-decoration: underline;\">Die Anf\u00e4nge<br \/>\n<\/span><span style=\"text-decoration: underline;\"><br \/>\n<\/span>Im Fr\u00fchjahr 2000 habe ich die erste Diashow gezeigt. Ich nannte sie \u201eEl Viaje \u2013 Geschichten und Bilder aus Patagonien\u201c. Die Show war noch in \u201eEchtzeit\u201c programmiert, also mit einem Vierspurger\u00e4t, auf das ich die Steuerbefehle und die Musik spielte. Was mir damals schon wichtig war, war der Live- Kommentar. Ich wollte keine sterile Show mit fertigem Text vom Band, sondern die M\u00f6glichkeit haben, auf die jeweilige Situation und das Publikum einzugehen. Bei der Echtzeit- Programmierung ist das eine richtige Herausforderung!<\/p>\n<p>Denn neben den Bildern und der Musik ist mir vor allem wichtig, meine Geschichten zu erz\u00e4hlen. Wie Sie unter \u201eReisen\u201c lesen k\u00f6nnen, bin ich der Meinung, dass ich ein Land nur dann kennen lerne, wenn ich die Menschen, ihre Mentalit\u00e4t, ihre Traditionen und ihren Alltag kennen lerne. Dieser Kontakt zu den Leuten ist mir sehr wichtig, und da passiert auch ganz viel spannendes, witziges, trauriges; eben das Leben!<\/p>\n<p>Und so war es klar, dass ich irgendwann Equipment brauchen w\u00fcrde, das mir die Gestaltung einer \u201eLive- Diashow\u201c leichter und professioneller erm\u00f6glichen w\u00fcrde. Und die habe ich dann 2001 bei der\u00a0<span style=\"text-decoration: underline;\"><a rel=\"external\" href=\"http:\/\/www.AVstumpfl.com\/\" target=\"_blank\">Fa. AV Stumpfl<\/a><\/span> gefunden.<\/p>\n<p><span style=\"text-decoration: underline;\">Programmierung und Pr\u00e4sentation<br \/>\n<\/span><span style=\"text-decoration: underline;\"><br \/>\n<\/span>Seit 2002 programmiere ich mit der \u201eWings\u201c- Software von Stumpfl. Nach \u201eWings 4.11\u201c und \u201eWings Platinum\u201c bin ich mittlerweile bei \u201eWings Platinum 5\u201c gelandet.<br \/>\nDamit wird die Show am PC programmiert. D.h., ich erstelle mit Hilfe des Programms die \u00dcberblendungen, schneide genau passend die Musik dazu und setze mir meine Marker f\u00fcr den Vortrag.<\/p>\n<p>Bis 2009 habe ich daf\u00fcr meine Dias gescannt, um sie in das Programm zu laden. Musik und Befehle wurden dann im MP3- Format auf einer Chipkarte gespeichert, um so die Show mit den Projektoren zu synchronisieren und zu steuern.<\/p>\n<p>Da ich vor der &#8222;Unavuelta&#8220; &#8211; Tour auf digitale Fotografie umgestiegen bin, werden alle neuen Reisevisionen auch digital produziert und projiziert. Die Projektion erledigt der Canon XEED WUX 4000, die Geschichten werden aber immer noch von mir erz\u00e4hlt! Und das ist f\u00fcr mich mindestens genau so wichtig wie die Bilder!<\/p>\n<p>Bis zu einer Saalgr\u00f6\u00dfe von 150 Leuten kann ich meine eigene Verst\u00e4rker-Anlage mitbringen.<\/p>\n<p>Meine Leinw\u00e4nde haben die Gr\u00f6\u00dfen 2mx3m und 3mx4,5m.<\/p>\n<p><span style=\"text-decoration: underline;\">Bisher erstellte Shows<br \/>\n<\/span><span style=\"text-decoration: underline;\"><br \/>\n<\/span>2000 El Viaje \u2013 Geschichten und Bilder aus Patagonien<\/p>\n<p>2001 Geschichten und Bilder aus Chile, Bolivien und Peru<\/p>\n<p>2002 Karibu \u2013 Kenia und Tanzania<\/p>\n<p>2002 Nackte Natur \u2013 Ecuador und Galapagos<\/p>\n<p>2004\u00a0<a title=\"Sibirien\" rel=\"self\" href=\"https:\/\/lars-hofmann.com\/Reisevisionen\/diavisionen\/sibirien\/\">Sibirien \u2013 Es ist Zeit, h\u00f6chste Zeit<\/a><\/p>\n<p>2005\u00a0<a title=\"Ostafrika\" rel=\"self\" href=\"https:\/\/lars-hofmann.com\/Reisevisionen\/diavisionen\/ostafrika\/\">Geschichten und Bilder aus Kenia, Tanzania und \u00c4thiopien<\/a><\/p>\n<p>2006\u00a0<a title=\"Lebenswelten\" rel=\"self\" href=\"https:\/\/lars-hofmann.com\/Reisevisionen\/diavisionen\/lebenswelten\/\">Lebenswelten<\/a><\/p>\n<p>2007\u00a0<a title=\"Jordanien\" rel=\"self\" href=\"https:\/\/lars-hofmann.com\/Reisevisionen\/diavisionen\/jordanien\/\">Jordanien \u2013 Wadi W\u00fcste Weltkulturerbe<\/a><\/p>\n<p>2008\u00a0<a title=\"Ecuador &amp; Galapagos\" rel=\"self\" href=\"https:\/\/lars-hofmann.com\/Reisevisionen\/diavisionen\/ecuador-und-galapagos\/\">Ecuador und Galapagos<\/a><\/p>\n<p>2010\u00a0<span style=\"text-decoration: underline;\"><a title=\"Una Vuelta\" rel=\"self\" href=\"https:\/\/lars-hofmann.com\/Reisevisionen\/diavisionen\/una-vuelta\/\">Unavuelta<\/a><\/span><\/p>\n<p>2010 <a href=\"https:\/\/lars-hofmann.com\/Reisevisionen\/diavisionen\/der-weg-des-condors\/\" target=\"_self\">Auf dem Weg nach Ladakh und Kaschmir<\/a><\/p>\n<p>2011 <a href=\"https:\/\/lars-hofmann.com\/Reisevisionen\/diavisionen\/neuseeland\/\" target=\"_self\">Neuseeland ist sch\u00f6n<\/a><\/p>\n<p>2013 <a href=\"https:\/\/lars-hofmann.com\/Reisevisionen\/diavisionen\/kuba\/\">Cuba es mas<\/a><\/p>\n<p>2015 <a href=\"https:\/\/lars-hofmann.com\/Reisevisionen\/diavisionen\/gente-de-cuba-cuentos-de-cuba-teil-2\/\">Gente de Cuba Cuentos de Cuba<\/a><\/p>\n<p>2017 Namibia<\/p>\n","protected":false},"excerpt":{"rendered":"<p>Die Anf\u00e4nge Im Fr\u00fchjahr 2000 habe ich die erste Diashow gezeigt. Ich nannte sie \u201eEl Viaje \u2013 Geschichten und Bilder aus Patagonien\u201c. Die Show war noch in \u201eEchtzeit\u201c programmiert, also mit einem Vierspurger\u00e4t, auf das ich die Steuerbefehle und die Musik spielte. Was mir damals schon wichtig war, war der Live- Kommentar. Ich wollte keine [&hellip;]<\/p>\n","protected":false},"author":1,"featured_media":0,"parent":0,"menu_order":4,"comment_status":"open","ping_status":"closed","template":"","meta":{"footnotes":""},"class_list":["post-7","page","type-page","status-publish","hentry"],"_links":{"self":[{"href":"https:\/\/lars-hofmann.com\/Reisevisionen\/wp-json\/wp\/v2\/pages\/7","targetHints":{"allow":["GET"]}}],"collection":[{"href":"https:\/\/lars-hofmann.com\/Reisevisionen\/wp-json\/wp\/v2\/pages"}],"about":[{"href":"https:\/\/lars-hofmann.com\/Reisevisionen\/wp-json\/wp\/v2\/types\/page"}],"author":[{"embeddable":true,"href":"https:\/\/lars-hofmann.com\/Reisevisionen\/wp-json\/wp\/v2\/users\/1"}],"replies":[{"embeddable":true,"href":"https:\/\/lars-hofmann.com\/Reisevisionen\/wp-json\/wp\/v2\/comments?post=7"}],"version-history":[{"count":17,"href":"https:\/\/lars-hofmann.com\/Reisevisionen\/wp-json\/wp\/v2\/pages\/7\/revisions"}],"predecessor-version":[{"id":778,"href":"https:\/\/lars-hofmann.com\/Reisevisionen\/wp-json\/wp\/v2\/pages\/7\/revisions\/778"}],"wp:attachment":[{"href":"https:\/\/lars-hofmann.com\/Reisevisionen\/wp-json\/wp\/v2\/media?parent=7"}],"curies":[{"name":"wp","href":"https:\/\/api.w.org\/{rel}","templated":true}]}}