{"id":785,"date":"2018-01-06T14:21:44","date_gmt":"2018-01-06T13:21:44","guid":{"rendered":"http:\/\/www.lars-hofmann.com\/Reisevisionen\/"},"modified":"2019-02-11T21:11:09","modified_gmt":"2019-02-11T20:11:09","slug":"namibia","status":"publish","type":"page","link":"https:\/\/lars-hofmann.com\/Reisevisionen\/diavisionen\/namibia\/","title":{"rendered":"Namibia"},"content":{"rendered":"<p>In der neuen Reisevision erz\u00e4hle ich von meiner Reise nach Namibia im Jahr 2015. Mit dem Gel\u00e4ndewagen und zu Fu\u00df war ich gemeinsam mit Ulrike quer durchs Land unterwegs.<\/p>\n<p>Egal, wo wir in Namibia waren, wir kamen aus dem Staunen nicht heraus. Drei Tage waren wir auf Safari in der Etosha-Pfanne. Die wunderbare Tierwelt hat uns wieder deutlich gemacht, wie sch\u00f6n und sch\u00fctzenswert unsere Erde ist. Die bizarre und grandiose Felslandschaft im Spitzkoppe Nationalpark oder die Weite und Sch\u00f6nheit der Namibw\u00fcste sind zwei Beispiele, die zeigen, mit welcher nat\u00fcrlichen Sch\u00f6nheit das Land ausgestattet ist. Ganz im S\u00fcden schl\u00e4ngelt sich der Fish River Canyon durch die grandiose Landschaft.<\/p>\n<p>Wenige wissen, dass man diesen Canyon zu Fu\u00df durchqueren kann. Und noch weniger tun es dann auch. Denn die f\u00fcnf Tage und ca. 100km sind eine Herausforderung f\u00fcr alle. Selbst f\u00fcr so erfahrene Wanderer wie die Gruppe S\u00fcdafrikaner, mit denen wir unterwegs waren. Aber jeder Schritt durch den Sand, jede Flu\u00dfquerung, jeder Ab- und Aufstieg \u00fcber die Felsen lohnen sich. Und wenn man nach f\u00fcnf Tagen im Thermalbecken des Ressorts \u201eAi Ais\u201c liegt und einen lecker Wei\u00dfwein schl\u00fcrft, sind alle Strapazen vergessen!<\/p>\n<p>Einzig die ungerechte und grausame Vergangenheit des Landes, zu der auch die deutsche Kolonialmacht beigetragen hat, macht traurig. Und die Sicht- und Verhaltensweisen der Nachfahren der Kolonialherren empfand ich als verst\u00f6rend und weltfremd zugleich!<\/p>\n<p>Kommen Sie mit auf eine Reise durch ein faszinierendes Land, lernen Sie verr\u00fcckte S\u00fcdafrikaner kennen oder stehen Sie mit mir auf einer der riesigen D\u00fcnen im Sossusvlei in der Namib-W\u00fcste. Oder entfliehen Sie einfach dem Alltag bei traumhaften Bildern, untermalt von atmosph\u00e4rischer Musik und interessanten und lustigen Geschichten.<\/p>\n<p><a href=\"https:\/\/lars-hofmann.com\/Reisevisionen\/wp-content\/uploads\/Flyer-Namibia_Angerst\u00fcbla-Bad-Staffelstein-20191.jpg\"><img loading=\"lazy\" decoding=\"async\" class=\"aligncenter size-large wp-image-861\" title=\"Flyer Namibia_Angerst\u00fcbla Bad Staffelstein 2019\" src=\"https:\/\/lars-hofmann.com\/Reisevisionen\/wp-content\/uploads\/Flyer-Namibia_Angerst\u00fcbla-Bad-Staffelstein-20191-516x1024.jpg\" alt=\"\" width=\"516\" height=\"1024\" srcset=\"https:\/\/lars-hofmann.com\/Reisevisionen\/wp-content\/uploads\/Flyer-Namibia_Angerst\u00fcbla-Bad-Staffelstein-20191-516x1024.jpg 516w, https:\/\/lars-hofmann.com\/Reisevisionen\/wp-content\/uploads\/Flyer-Namibia_Angerst\u00fcbla-Bad-Staffelstein-20191-151x300.jpg 151w\" sizes=\"auto, (max-width: 516px) 100vw, 516px\" \/><\/a><\/p>\n<p style=\"text-align: center;\">\n<p style=\"text-align: center;\">\n<p style=\"text-align: center;\">\n","protected":false},"excerpt":{"rendered":"<p>In der neuen Reisevision erz\u00e4hle ich von meiner Reise nach Namibia im Jahr 2015. Mit dem Gel\u00e4ndewagen und zu Fu\u00df war ich gemeinsam mit Ulrike quer durchs Land unterwegs. Egal, wo wir in Namibia waren, wir kamen aus dem Staunen nicht heraus. Drei Tage waren wir auf Safari in der Etosha-Pfanne. Die wunderbare Tierwelt hat [&hellip;]<\/p>\n","protected":false},"author":2,"featured_media":0,"parent":7,"menu_order":0,"comment_status":"open","ping_status":"closed","template":"","meta":{"footnotes":""},"class_list":["post-785","page","type-page","status-publish","hentry"],"_links":{"self":[{"href":"https:\/\/lars-hofmann.com\/Reisevisionen\/wp-json\/wp\/v2\/pages\/785","targetHints":{"allow":["GET"]}}],"collection":[{"href":"https:\/\/lars-hofmann.com\/Reisevisionen\/wp-json\/wp\/v2\/pages"}],"about":[{"href":"https:\/\/lars-hofmann.com\/Reisevisionen\/wp-json\/wp\/v2\/types\/page"}],"author":[{"embeddable":true,"href":"https:\/\/lars-hofmann.com\/Reisevisionen\/wp-json\/wp\/v2\/users\/2"}],"replies":[{"embeddable":true,"href":"https:\/\/lars-hofmann.com\/Reisevisionen\/wp-json\/wp\/v2\/comments?post=785"}],"version-history":[{"count":13,"href":"https:\/\/lars-hofmann.com\/Reisevisionen\/wp-json\/wp\/v2\/pages\/785\/revisions"}],"predecessor-version":[{"id":862,"href":"https:\/\/lars-hofmann.com\/Reisevisionen\/wp-json\/wp\/v2\/pages\/785\/revisions\/862"}],"up":[{"embeddable":true,"href":"https:\/\/lars-hofmann.com\/Reisevisionen\/wp-json\/wp\/v2\/pages\/7"}],"wp:attachment":[{"href":"https:\/\/lars-hofmann.com\/Reisevisionen\/wp-json\/wp\/v2\/media?parent=785"}],"curies":[{"name":"wp","href":"https:\/\/api.w.org\/{rel}","templated":true}]}}