{"id":852,"date":"2019-02-11T20:51:24","date_gmt":"2019-02-11T19:51:24","guid":{"rendered":"http:\/\/www.lars-hofmann.com\/Reisevisionen\/"},"modified":"2020-02-24T12:57:38","modified_gmt":"2020-02-24T11:57:38","slug":"ach-du-liebe-welt","status":"publish","type":"page","link":"https:\/\/lars-hofmann.com\/Reisevisionen\/diavisionen\/ach-du-liebe-welt\/","title":{"rendered":"Ach du liebe Welt"},"content":{"rendered":"<p>\u201eAch du liebe Welt &#8211; wie oft hast du mir schon deine wundersch\u00f6nsten Seiten gezeigt! In Afrika, in Asien, in Ozeanien, in S\u00fcdamerika, in Europa und daheim im Frankenwald.<\/p>\n<p>Was hast du mir alles geschenkt:\u00a0\u00a0Berge und Felsen, W\u00fcsten und W\u00e4lder, Wasser und Eis, Himmel und Erde, Farben und Tiere.<\/p>\n<p>Und was mache ich eigentlich f\u00fcr dich?<\/p>\n<p>Seit vielen Jahren stelle ich mir diese Frage, denke dar\u00fcber nach, welchen Fu\u00dfabdruck ich hinterlasse, welche Folgen meine Reisen und mein Verhalten allgemein f\u00fcr unsere liebe Welt haben.<\/p>\n<p>Mit meinem neuen Vortrag will ich die Sch\u00f6nheit, die Einzigartigkeit unserer Welt zeigen. Mit Bildern von Gebieten, Lebenswelten, kleinen und gro\u00dfen Naturr\u00e4umen, die mir den Atem rauben.<\/p>\n<p>Gleichzeitig mag ich alle Besucher*innen zum Nachdenken einladen: Gerade jetzt, da der Klimawandel nicht mehr zu leugnen und \u00fcberall auf der Welt sp\u00fcrbar ist, laden wir ein, das eigene Verhalten zu reflektieren: was ist uns die Welt, wie wir sie noch erleben d\u00fcrfen, wert. Was kann jeder dazu beitragen, dass alle Menschen und Tiere noch lange auf der ach so lieben Welt leben k\u00f6nnen.<\/p>\n<p>Verst\u00e4rkt wird die Wirkung der Bilder durch Texte, Gedanken, Spr\u00fcche, die Ulrike Mahr auf ebenso wundervolle wie eindringliche Weise liest. Sie verf\u00fchrt uns mit Ihrer Stimme und bringt die Idee des Vortrages immer wieder ins Geh\u00f6r, in den Kopf und in unser Herz: Tr\u00e4umen und Aufwachen, inne halten und sich auf den Weg machen, genie\u00dfen und nachdenken.<\/p>\n<p><a href=\"https:\/\/lars-hofmann.com\/Reisevisionen\/wp-content\/uploads\/Pl_A3_Ach-du-liebe-Welt_PlA3_Baumann-2020-neu.jpg\"><img loading=\"lazy\" decoding=\"async\" class=\"aligncenter size-medium wp-image-903\" title=\"Pl_A3_Ach du liebe Welt_PlA3_Baumann 2020 neu\" src=\"https:\/\/lars-hofmann.com\/Reisevisionen\/wp-content\/uploads\/Pl_A3_Ach-du-liebe-Welt_PlA3_Baumann-2020-neu-212x300.jpg\" alt=\"\" width=\"212\" height=\"300\" srcset=\"https:\/\/lars-hofmann.com\/Reisevisionen\/wp-content\/uploads\/Pl_A3_Ach-du-liebe-Welt_PlA3_Baumann-2020-neu-212x300.jpg 212w, https:\/\/lars-hofmann.com\/Reisevisionen\/wp-content\/uploads\/Pl_A3_Ach-du-liebe-Welt_PlA3_Baumann-2020-neu-723x1024.jpg 723w, https:\/\/lars-hofmann.com\/Reisevisionen\/wp-content\/uploads\/Pl_A3_Ach-du-liebe-Welt_PlA3_Baumann-2020-neu.jpg 1753w\" sizes=\"auto, (max-width: 212px) 100vw, 212px\" \/><\/a><\/p>\n","protected":false},"excerpt":{"rendered":"<p>\u201eAch du liebe Welt &#8211; wie oft hast du mir schon deine wundersch\u00f6nsten Seiten gezeigt! In Afrika, in Asien, in Ozeanien, in S\u00fcdamerika, in Europa und daheim im Frankenwald. Was hast du mir alles geschenkt:\u00a0\u00a0Berge und Felsen, W\u00fcsten und W\u00e4lder, Wasser und Eis, Himmel und Erde, Farben und Tiere. Und was mache ich eigentlich f\u00fcr [&hellip;]<\/p>\n","protected":false},"author":2,"featured_media":0,"parent":7,"menu_order":0,"comment_status":"open","ping_status":"closed","template":"","meta":{"footnotes":""},"class_list":["post-852","page","type-page","status-publish","hentry"],"_links":{"self":[{"href":"https:\/\/lars-hofmann.com\/Reisevisionen\/wp-json\/wp\/v2\/pages\/852","targetHints":{"allow":["GET"]}}],"collection":[{"href":"https:\/\/lars-hofmann.com\/Reisevisionen\/wp-json\/wp\/v2\/pages"}],"about":[{"href":"https:\/\/lars-hofmann.com\/Reisevisionen\/wp-json\/wp\/v2\/types\/page"}],"author":[{"embeddable":true,"href":"https:\/\/lars-hofmann.com\/Reisevisionen\/wp-json\/wp\/v2\/users\/2"}],"replies":[{"embeddable":true,"href":"https:\/\/lars-hofmann.com\/Reisevisionen\/wp-json\/wp\/v2\/comments?post=852"}],"version-history":[{"count":6,"href":"https:\/\/lars-hofmann.com\/Reisevisionen\/wp-json\/wp\/v2\/pages\/852\/revisions"}],"predecessor-version":[{"id":906,"href":"https:\/\/lars-hofmann.com\/Reisevisionen\/wp-json\/wp\/v2\/pages\/852\/revisions\/906"}],"up":[{"embeddable":true,"href":"https:\/\/lars-hofmann.com\/Reisevisionen\/wp-json\/wp\/v2\/pages\/7"}],"wp:attachment":[{"href":"https:\/\/lars-hofmann.com\/Reisevisionen\/wp-json\/wp\/v2\/media?parent=852"}],"curies":[{"name":"wp","href":"https:\/\/api.w.org\/{rel}","templated":true}]}}