{"id":9,"date":"2010-09-11T11:27:24","date_gmt":"2010-09-11T11:27:24","guid":{"rendered":"http:\/\/www.lars-hofmann.com\/Reisevisionen\/wordpress\/?page_id=9"},"modified":"2016-04-06T09:12:10","modified_gmt":"2016-04-06T09:12:10","slug":"reisen","status":"publish","type":"page","link":"https:\/\/lars-hofmann.com\/Reisevisionen\/reisen\/","title":{"rendered":"Reisen"},"content":{"rendered":"<p><img loading=\"lazy\" decoding=\"async\" class=\"alignnone size-full wp-image-10\" title=\"page2_1\" src=\"https:\/\/lars-hofmann.com\/Reisevisionen\/wp-content\/uploads\/page2_1.jpg\" alt=\"\" width=\"436\" height=\"284\" srcset=\"https:\/\/lars-hofmann.com\/Reisevisionen\/wp-content\/uploads\/page2_1.jpg 436w, https:\/\/lars-hofmann.com\/Reisevisionen\/wp-content\/uploads\/page2_1-300x195.jpg 300w\" sizes=\"auto, (max-width: 436px) 100vw, 436px\" \/><\/p>\n<p>1991: Jugendbegegnung in den Abruzzen<br \/>\n1992: Jugendbegegnung in Schottland<br \/>\n1993: Burundi: 4 Wochen Leben und Arbeiten mit Menschen in Ryarusera<br \/>\n1994 bis 1997: Nord- und Westeuropa: Wales, Island, Bretagne, Schweden und Norwegen<br \/>\n1998: Argentinien und Chile: 5 Monate arbeiten an meiner Diplomarbeit und die erste Begegnung mit Patagonien<br \/>\n2000: Bolivien, Chile, Peru: in 4 Wochen von einem H\u00f6hepunkt zum n\u00e4chsten &#8222;gefl\u00fcchtet&#8220;<br \/>\n2001: Kenia, Tanzania: Safari, Kilimandjaro und Zanzibar<br \/>\n2002: Ecuador und Galapagos: Von den Anden in den Regenwald und das erste Mal auf die Galapagos-Inseln!<br \/>\n2002: Schottland: Auf dem West Highland Way<br \/>\n2003: Sibirien: 6 Wochen fernab jeder Touristenwege im Altai und am Nordbaikal &#8211; was f\u00fcr eine geniale Reise<br \/>\n2004: Nordspanien: 3 Wochen allein in den Pyren\u00e4en<br \/>\n2005: \u00c4thiopien: 4 Wochen allein in einem spannenden Land voller kultureller und nat\u00fcrlicher Sch\u00e4tze<br \/>\n2006: Jordanien: = mehr als Petra; aber Petra ist genial!<br \/>\n2007: Ecuador: Das zweite Mal im kleinsten Andenstaat und wieder auf den Galapagos Inseln!<br \/>\n2008: Schweiz: 8 Tage auf dem B\u00e4rentrek im Berner Oberland<br \/>\n2009\/2010: Unavuelta: Mit einem &#8222;round the world-Ticket&#8220; nach Indien, Australien, Neuseeland, Tahiti, Osterinseln, Chile und Argentinien<\/p>\n<p>2012: Kuba: 4 \u00fcberraschende und beeindruckende Wochen<\/p>\n<p>2013: \u00a0Argentinien (ja, ich wei\u00df: schon wieder:-))<\/p>\n<p style=\"text-align: left;\">2014 Kuba: Auf der Suche nach den Menschen, die ich 2012 fotografiert habe- wunderbare Begegnungen und Erlebnisse<\/p>\n<p style=\"text-align: left;\">2015 Namibia<\/p>\n","protected":false},"excerpt":{"rendered":"<p>1991: Jugendbegegnung in den Abruzzen 1992: Jugendbegegnung in Schottland 1993: Burundi: 4 Wochen Leben und Arbeiten mit Menschen in Ryarusera 1994 bis 1997: Nord- und Westeuropa: Wales, Island, Bretagne, Schweden und Norwegen 1998: Argentinien und Chile: 5 Monate arbeiten an meiner Diplomarbeit und die erste Begegnung mit Patagonien 2000: Bolivien, Chile, Peru: in 4 Wochen [&hellip;]<\/p>\n","protected":false},"author":1,"featured_media":0,"parent":0,"menu_order":7,"comment_status":"open","ping_status":"closed","template":"","meta":{"footnotes":""},"class_list":["post-9","page","type-page","status-publish","hentry"],"_links":{"self":[{"href":"https:\/\/lars-hofmann.com\/Reisevisionen\/wp-json\/wp\/v2\/pages\/9","targetHints":{"allow":["GET"]}}],"collection":[{"href":"https:\/\/lars-hofmann.com\/Reisevisionen\/wp-json\/wp\/v2\/pages"}],"about":[{"href":"https:\/\/lars-hofmann.com\/Reisevisionen\/wp-json\/wp\/v2\/types\/page"}],"author":[{"embeddable":true,"href":"https:\/\/lars-hofmann.com\/Reisevisionen\/wp-json\/wp\/v2\/users\/1"}],"replies":[{"embeddable":true,"href":"https:\/\/lars-hofmann.com\/Reisevisionen\/wp-json\/wp\/v2\/comments?post=9"}],"version-history":[{"count":18,"href":"https:\/\/lars-hofmann.com\/Reisevisionen\/wp-json\/wp\/v2\/pages\/9\/revisions"}],"predecessor-version":[{"id":109,"href":"https:\/\/lars-hofmann.com\/Reisevisionen\/wp-json\/wp\/v2\/pages\/9\/revisions\/109"}],"wp:attachment":[{"href":"https:\/\/lars-hofmann.com\/Reisevisionen\/wp-json\/wp\/v2\/media?parent=9"}],"curies":[{"name":"wp","href":"https:\/\/api.w.org\/{rel}","templated":true}]}}