{"id":337,"date":"2010-10-08T12:47:11","date_gmt":"2010-10-08T12:47:11","guid":{"rendered":"http:\/\/www.lars-hofmann.com\/Mediation\/?page_id=337"},"modified":"2023-07-26T15:48:52","modified_gmt":"2023-07-26T13:48:52","slug":"aktuelles","status":"publish","type":"page","link":"https:\/\/lars-hofmann.com\/mediation\/aktuelles\/","title":{"rendered":"Aktuell"},"content":{"rendered":"\n<p>Neue Ausbildung in Kooperation mit <a href=\"https:\/\/improuv.com\" target=\"_blank\" rel=\"noreferrer noopener\">improuv<\/a> M\u00fcnchen: <strong><a rel=\"noreferrer noopener\" href=\"https:\/\/lars-hofmann.com\/mediation\/aus-und-fortbildung\/konflikte-kompetent-managen\" target=\"_blank\">Konflikte kompetent managen<\/a><a href=\"http:\/\/Die ideale Fortbildung f\u00fcr alle, die handlungsf\u00e4hig bleiben wollen, im Konflikt, im F\u00fchren und in (agilen) Ver\u00e4nderungsprozessen.\">.<\/a><\/strong> Die ideale Fortbildung f\u00fcr alle, die handlungsf\u00e4hig bleiben wollen, im Konflikt, im F\u00fchren und in (agilen) Ver\u00e4nderungsprozessen.<\/p>\n\n\n\n<p><\/p>\n\n\n\n<p class=\"has-text-align-center\"><strong>Ausbildung &#8222;Mediation und Konfliktmanagement &#8211; Handlungsf\u00e4hig bleiben im Konflikt, im F\u00fchren, in Ver\u00e4nderungsprozessen&#8220;<\/strong><\/p>\n\n\n\n<p class=\"has-text-align-left\">Gemeinsam mit meinen Kolleg*innen von inmedio berlin biete ich auf der Festung &nbsp;Rosenberg in Kronach die Ausbildung im Bereich Mediation und Konfliktmanagement an.<\/p>\n\n\n\n<p>Die Ausbildung umfasst 28 Tage verteilt auf 8 Module. Die Module finden vor Ort in Kronach auf der Festung Rosenberg statt, einem wundersch\u00f6nen Lernort. Ein Wahlmodul f\u00fchren wir online durch, damit Sie erleben k\u00f6nnen, wie wunderbar Online-Lehre sein kann.<\/p>\n\n\n\n<p>Momentan ruht die Ausbildung. Sobald wir den n\u00e4chsten Durchgang starten, wird hier die neue Brosch\u00fcre ver\u00f6ffentlicht. Sollten Sie Interesse an der Ausbildung haben, freue ich mich auf ihre Anfrage.<\/p>\n\n\n\n<p>Unter diesem <a rel=\"noreferrer noopener\" href=\"https:\/\/lars-hofmann.com\/mediation\/wp-content\/uploads\/2022\/05\/Broschuere-Ausbildung_Kronach_-2022_2023.pdf\" target=\"_blank\">Link<\/a> finden Sie unsere komplette Ausbildungsbrosch\u00fcre.<\/p>\n\n\n\n<figure class=\"wp-block-image size-large\"><a href=\"https:\/\/lars-hofmann.com\/mediation\/wp-content\/uploads\/2021\/12\/Titel_broschuere_2022-3.pdf\"><img loading=\"lazy\" decoding=\"async\" width=\"722\" height=\"1024\" src=\"https:\/\/lars-hofmann.com\/mediation\/wp-content\/uploads\/2021\/12\/Titel_broschuere_2022-3-pdf-722x1024.jpg\" alt=\"\" class=\"wp-image-951\"\/><\/a><\/figure>\n","protected":false},"excerpt":{"rendered":"<p>Neue Ausbildung in Kooperation mit improuv M\u00fcnchen: Konflikte kompetent managen. Die ideale Fortbildung f\u00fcr alle, die handlungsf\u00e4hig bleiben wollen, im Konflikt, im F\u00fchren und in (agilen) Ver\u00e4nderungsprozessen. Ausbildung &#8222;Mediation und Konfliktmanagement &#8211; Handlungsf\u00e4hig bleiben im Konflikt, im F\u00fchren, in Ver\u00e4nderungsprozessen&#8220; Gemeinsam mit meinen Kolleg*innen von inmedio berlin biete ich auf der Festung &nbsp;Rosenberg in Kronach [&hellip;]<\/p>\n","protected":false},"author":2,"featured_media":0,"parent":0,"menu_order":3,"comment_status":"open","ping_status":"closed","template":"","meta":{"footnotes":""},"class_list":["post-337","page","type-page","status-publish","hentry"],"_links":{"self":[{"href":"https:\/\/lars-hofmann.com\/mediation\/wp-json\/wp\/v2\/pages\/337","targetHints":{"allow":["GET"]}}],"collection":[{"href":"https:\/\/lars-hofmann.com\/mediation\/wp-json\/wp\/v2\/pages"}],"about":[{"href":"https:\/\/lars-hofmann.com\/mediation\/wp-json\/wp\/v2\/types\/page"}],"author":[{"embeddable":true,"href":"https:\/\/lars-hofmann.com\/mediation\/wp-json\/wp\/v2\/users\/2"}],"replies":[{"embeddable":true,"href":"https:\/\/lars-hofmann.com\/mediation\/wp-json\/wp\/v2\/comments?post=337"}],"version-history":[{"count":83,"href":"https:\/\/lars-hofmann.com\/mediation\/wp-json\/wp\/v2\/pages\/337\/revisions"}],"predecessor-version":[{"id":1010,"href":"https:\/\/lars-hofmann.com\/mediation\/wp-json\/wp\/v2\/pages\/337\/revisions\/1010"}],"wp:attachment":[{"href":"https:\/\/lars-hofmann.com\/mediation\/wp-json\/wp\/v2\/media?parent=337"}],"curies":[{"name":"wp","href":"https:\/\/api.w.org\/{rel}","templated":true}]}}