{"id":509,"date":"2012-10-31T14:27:01","date_gmt":"2012-10-31T12:27:01","guid":{"rendered":"http:\/\/lars-hofmann.com\/mediation\/?page_id=509"},"modified":"2022-05-24T16:12:53","modified_gmt":"2022-05-24T14:12:53","slug":"mediationsausbildung-bamberg","status":"publish","type":"page","link":"https:\/\/lars-hofmann.com\/mediation\/aus-und-fortbildung\/mediationsausbildung-bamberg\/","title":{"rendered":"Mediationsausbildung Kronach"},"content":{"rendered":"\n<figure class=\"wp-block-image size-large\"><a href=\"https:\/\/lars-hofmann.com\/mediation\/wp-content\/uploads\/2021\/12\/Titel_broschuere_2022-2.pdf\"><img loading=\"lazy\" decoding=\"async\" width=\"722\" height=\"1024\" src=\"https:\/\/lars-hofmann.com\/mediation\/wp-content\/uploads\/2021\/12\/Titel_broschuere_2022-2-pdf-722x1024.jpg\" alt=\"\" class=\"wp-image-949\"\/><\/a><\/figure>\n\n\n<p><a href=\"https:\/\/lars-hofmann.com\/mediation\/wp-content\/uploads\/2022\/05\/Broschuere-Ausbildung_Kronach_-2022_2023.pdf\" target=\"_blank\" rel=\"noopener\">Link zur Ausbildungsbrosch\u00fcre<\/a><\/p>\n<p>Der Neustart der Ausbildung mit dem Umzug von Bamberg nach Kronach ist ein gro\u00dfer Erfolg. Die 14 Teilnehmer*innen des ersten Durchganges sind absolut begeistert von den Gegebenheiten und der Atmosph\u00e4re inmitten der Mauern der Festung Rosenberg und der traumhaften Umgebung mit viel Natur.<\/p>\n<p>Die neu geschaffenen Seminarr\u00e4ume im ehemaligen Zeughaus bieten eine besondere Lernatmosph\u00e4re: helle R\u00e4ume mit Holzb\u00f6den und Holzbalken, modernste Technik in historischer Architektur und der direkte Zugang zum ehemaligen Kommandantengarten, wo Sie auf der Terrasse und Wiese arbeiten und den Blick \u00fcber den Frankenwald genie\u00dfen k\u00f6nnen.<\/p>\n<p>Wir sind sehr gl\u00fccklich, unseren Anspruch an Lehre, den Galileo Galilei so treffend formulierte, damit umsetzen zu k\u00f6nnen. Sie k\u00f6nnen sich voll und ganz auf die Ausbildung konzentrieren, haben Ruhe zum Lesen und Entspannen. Auf der weitl\u00e4ufigen Festungsanlage finden Sie viele gr\u00fcne Oasen zum Ausruhen und der Festungswald l\u00e4dt Sie zum Spazierengehen ein. Am Abend k\u00f6nnen Sie mit Ausbildungskolleg*innen die historische Altstadt Kronachs mit ihren gastronomischen Angeboten erkunden.<\/p>\n<p>Unsere Ausbildungen entsprechen den Standards der Mediationsverb\u00e4nde und sind die Grundlage f\u00fcr die Anerkennung als Mediator*in BM.\u00a0<\/p>\n<div class=\"page\" title=\"Page 10\">\n<div class=\"section\">\n<div class=\"layoutArea\">\n<div class=\"column\">\n<p>Unsere Ausbildung ist offen f\u00fcr Menschen aus allen Bereichen der Gesellschaft, die<br \/>&gt; ihre Konfliktkompetenz erweitern m\u00f6chten,<br \/>&gt; Mediation und Konfliktmanagement im Arbeitsfeld und\/oder ihrer\u00a0pers\u00f6nlichen Umgebung anwenden m\u00f6chten,<br \/>&gt; sich eine zus\u00e4tzliche berufliche Perspektive erschlie\u00dfen wollen.<\/p>\n<p>Aufgrund unseres Schwerpunktes eignet sich die Ausbildung besonders f\u00fcr F\u00fchrungskr\u00e4fte und Mitarbeiter*innen aus Unternehmen, Verb\u00e4nden, Verwaltungen und sozialen Einrichtungen, sowie f\u00fcr Personal-\/Betriebsr\u00e4te und freiberufliche Berater*innen. Wir w\u00fcnschen uns diverse Ausbildungsgruppen, da wir den Mehrwert des \u201evoneinander Lernen\u201c sehr sch\u00e4tzen. Die Teilneh- menden haben die M\u00f6glichkeit des gegenseitigen Erfahrungsaustausches und erleben die vielf\u00e4ltigen Anwendungsgebiete der Mediation in Bezug zur eigenen Praxis.<\/p>\n<\/div>\n<\/div>\n<\/div>\n<\/div>","protected":false},"excerpt":{"rendered":"<p>Link zur Ausbildungsbrosch\u00fcre Der Neustart der Ausbildung mit dem Umzug von Bamberg nach Kronach ist ein gro\u00dfer Erfolg. Die 14 Teilnehmer*innen des ersten Durchganges sind absolut begeistert von den Gegebenheiten und der Atmosph\u00e4re inmitten der Mauern der Festung Rosenberg und der traumhaften Umgebung mit viel Natur. Die neu geschaffenen Seminarr\u00e4ume im ehemaligen Zeughaus bieten eine [&hellip;]<\/p>\n","protected":false},"author":3,"featured_media":0,"parent":508,"menu_order":1,"comment_status":"open","ping_status":"closed","template":"","meta":{"footnotes":""},"class_list":["post-509","page","type-page","status-publish","hentry"],"_links":{"self":[{"href":"https:\/\/lars-hofmann.com\/mediation\/wp-json\/wp\/v2\/pages\/509","targetHints":{"allow":["GET"]}}],"collection":[{"href":"https:\/\/lars-hofmann.com\/mediation\/wp-json\/wp\/v2\/pages"}],"about":[{"href":"https:\/\/lars-hofmann.com\/mediation\/wp-json\/wp\/v2\/types\/page"}],"author":[{"embeddable":true,"href":"https:\/\/lars-hofmann.com\/mediation\/wp-json\/wp\/v2\/users\/3"}],"replies":[{"embeddable":true,"href":"https:\/\/lars-hofmann.com\/mediation\/wp-json\/wp\/v2\/comments?post=509"}],"version-history":[{"count":47,"href":"https:\/\/lars-hofmann.com\/mediation\/wp-json\/wp\/v2\/pages\/509\/revisions"}],"predecessor-version":[{"id":970,"href":"https:\/\/lars-hofmann.com\/mediation\/wp-json\/wp\/v2\/pages\/509\/revisions\/970"}],"up":[{"embeddable":true,"href":"https:\/\/lars-hofmann.com\/mediation\/wp-json\/wp\/v2\/pages\/508"}],"wp:attachment":[{"href":"https:\/\/lars-hofmann.com\/mediation\/wp-json\/wp\/v2\/media?parent=509"}],"curies":[{"name":"wp","href":"https:\/\/api.w.org\/{rel}","templated":true}]}}