{"id":9,"date":"2010-05-04T17:29:18","date_gmt":"2010-05-04T17:29:18","guid":{"rendered":"http:\/\/lars-hofmann.com\/wordpress\/?page_id=9"},"modified":"2022-05-24T16:15:22","modified_gmt":"2022-05-24T14:15:22","slug":"home","status":"publish","type":"page","link":"https:\/\/lars-hofmann.com\/mediation\/","title":{"rendered":"Home"},"content":{"rendered":"\n<div class=\"wp-block-image\"><figure class=\"aligncenter\"><a href=\"https:\/\/lars-hofmann.com\/mediation\/wp-content\/uploads\/2020\/03\/willkommen_2020_2-scaled.jpg\"><img loading=\"lazy\" decoding=\"async\" width=\"242\" height=\"300\" src=\"https:\/\/lars-hofmann.com\/mediation\/wp-content\/uploads\/2020\/03\/willkommen_2020_2-242x300.jpg\" alt=\"\" class=\"wp-image-896\" srcset=\"https:\/\/lars-hofmann.com\/mediation\/wp-content\/uploads\/2020\/03\/willkommen_2020_2-242x300.jpg 242w, https:\/\/lars-hofmann.com\/mediation\/wp-content\/uploads\/2020\/03\/willkommen_2020_2-825x1024.jpg 825w, https:\/\/lars-hofmann.com\/mediation\/wp-content\/uploads\/2020\/03\/willkommen_2020_2-768x954.jpg 768w, https:\/\/lars-hofmann.com\/mediation\/wp-content\/uploads\/2020\/03\/willkommen_2020_2-1237x1536.jpg 1237w, https:\/\/lars-hofmann.com\/mediation\/wp-content\/uploads\/2020\/03\/willkommen_2020_2-1649x2048.jpg 1649w\" sizes=\"auto, (max-width: 242px) 100vw, 242px\" \/><\/a><\/figure><\/div>\n\n\n\n<p class=\"has-text-align-center\"><\/p>\n\n\n\n<p class=\"has-text-align-left\">Sch\u00f6n, dass Sie hier sind &#8211; vielleicht, um zu sehen, wohin Sie k\u00e4men, wenn Sie eine Mediation machten.<br>Ich lade Sie herzlich ein, sich umzuschauen, mich und meine Arbeit etwas n\u00e4her kennen zu lernen, um so einen Schritt weiter zu kommen, wohin Sie k\u00e4men, wenn Sie gingen. M\u00f6glicherweise entstehen dabei Fragen und Anliegen, die wir in einem pers\u00f6nlichen Gespr\u00e4ch kl\u00e4ren k\u00f6nnen.<br>Ich freue mich darauf!<\/p>\n\n\n\n<figure class=\"wp-block-image\"><a href=\"https:\/\/lars-hofmann.com\/mediation\/wp-content\/uploads\/2010\/05\/unterschrift.jpg\"><img loading=\"lazy\" decoding=\"async\" width=\"247\" height=\"119\" src=\"https:\/\/lars-hofmann.com\/mediation\/wp-content\/uploads\/2010\/05\/unterschrift.jpg\" alt=\"\" class=\"wp-image-482\" title=\"unterschrift\"\/><\/a><\/figure>\n","protected":false},"excerpt":{"rendered":"<p>Sch\u00f6n, dass Sie hier sind &#8211; vielleicht, um zu sehen, wohin Sie k\u00e4men, wenn Sie eine Mediation machten.Ich lade Sie herzlich ein, sich umzuschauen, mich und meine Arbeit etwas n\u00e4her kennen zu lernen, um so einen Schritt weiter zu kommen, wohin Sie k\u00e4men, wenn Sie gingen. M\u00f6glicherweise entstehen dabei Fragen und Anliegen, die wir in [&hellip;]<\/p>\n","protected":false},"author":3,"featured_media":0,"parent":0,"menu_order":1,"comment_status":"open","ping_status":"closed","template":"","meta":{"footnotes":""},"class_list":["post-9","page","type-page","status-publish","hentry"],"_links":{"self":[{"href":"https:\/\/lars-hofmann.com\/mediation\/wp-json\/wp\/v2\/pages\/9","targetHints":{"allow":["GET"]}}],"collection":[{"href":"https:\/\/lars-hofmann.com\/mediation\/wp-json\/wp\/v2\/pages"}],"about":[{"href":"https:\/\/lars-hofmann.com\/mediation\/wp-json\/wp\/v2\/types\/page"}],"author":[{"embeddable":true,"href":"https:\/\/lars-hofmann.com\/mediation\/wp-json\/wp\/v2\/users\/3"}],"replies":[{"embeddable":true,"href":"https:\/\/lars-hofmann.com\/mediation\/wp-json\/wp\/v2\/comments?post=9"}],"version-history":[{"count":21,"href":"https:\/\/lars-hofmann.com\/mediation\/wp-json\/wp\/v2\/pages\/9\/revisions"}],"predecessor-version":[{"id":971,"href":"https:\/\/lars-hofmann.com\/mediation\/wp-json\/wp\/v2\/pages\/9\/revisions\/971"}],"wp:attachment":[{"href":"https:\/\/lars-hofmann.com\/mediation\/wp-json\/wp\/v2\/media?parent=9"}],"curies":[{"name":"wp","href":"https:\/\/api.w.org\/{rel}","templated":true}]}}